{"id":52300,"date":"2025-06-25T14:11:48","date_gmt":"2025-06-25T11:11:48","guid":{"rendered":"https:\/\/www.radiomarket.fi\/?post_type=product&#038;p=52300"},"modified":"2025-06-26T14:09:14","modified_gmt":"2025-06-26T11:09:14","slug":"ekum4023","status":"publish","type":"product","link":"https:\/\/www.radiomarket.fi\/en\/kohde\/ekum4023\/","title":{"rendered":"EKUM4023 K\u00d6NIG IR 9174 04"},"content":{"rendered":"<p>Paristokotelon luukku tallessa. Testattu 6\/2025, l\u00e4hett\u00e4\u00e4. Paristot eiv\u00e4t sis\u00e4lly kauppaan.\u00a0<\/p>","protected":false},"excerpt":{"rendered":"<p>Paristokotelon luukku tallessa. Testattu 6\/2025, l\u00e4hett\u00e4\u00e4. Paristot eiv\u00e4t sis\u00e4lly kauppaan.\u00a0<\/p>","protected":false},"featured_media":52284,"template":"","meta":[],"_links":{"self":[{"href":"https:\/\/www.radiomarket.fi\/en\/wp-json\/wp\/v2\/product\/52300"}],"collection":[{"href":"https:\/\/www.radiomarket.fi\/en\/wp-json\/wp\/v2\/product"}],"about":[{"href":"https:\/\/www.radiomarket.fi\/en\/wp-json\/wp\/v2\/types\/product"}],"wp:featuredmedia":[{"embeddable":true,"href":"https:\/\/www.radiomarket.fi\/en\/wp-json\/wp\/v2\/media\/52284"}],"wp:attachment":[{"href":"https:\/\/www.radiomarket.fi\/en\/wp-json\/wp\/v2\/media?parent=52300"}],"curies":[{"name":"wp","href":"https:\/\/api.w.org\/{rel}","templated":true}]}}