{"id":52306,"date":"2025-06-25T16:17:07","date_gmt":"2025-06-25T13:17:07","guid":{"rendered":"https:\/\/www.radiomarket.fi\/?post_type=product&#038;p=52306"},"modified":"2025-06-27T11:46:13","modified_gmt":"2025-06-27T08:46:13","slug":"ekum4024-konig-ir-9174","status":"publish","type":"product","link":"https:\/\/www.radiomarket.fi\/en\/kohde\/ekum4024-konig-ir-9174\/","title":{"rendered":"EKUM4027 AKAI RC-V5158"},"content":{"rendered":"<p>Paristokotelon luukku tallessa. Testattu 6\/2025, l\u00e4hett\u00e4\u00e4. Paristot eiv\u00e4t sis\u00e4lly kauppaan.\u00a0<\/p>","protected":false},"excerpt":{"rendered":"<p>Paristokotelon luukku tallessa. Testattu 6\/2025, l\u00e4hett\u00e4\u00e4. Paristot eiv\u00e4t sis\u00e4lly kauppaan.\u00a0<\/p>","protected":false},"featured_media":52322,"template":"","meta":[],"_links":{"self":[{"href":"https:\/\/www.radiomarket.fi\/en\/wp-json\/wp\/v2\/product\/52306"}],"collection":[{"href":"https:\/\/www.radiomarket.fi\/en\/wp-json\/wp\/v2\/product"}],"about":[{"href":"https:\/\/www.radiomarket.fi\/en\/wp-json\/wp\/v2\/types\/product"}],"wp:featuredmedia":[{"embeddable":true,"href":"https:\/\/www.radiomarket.fi\/en\/wp-json\/wp\/v2\/media\/52322"}],"wp:attachment":[{"href":"https:\/\/www.radiomarket.fi\/en\/wp-json\/wp\/v2\/media?parent=52306"}],"curies":[{"name":"wp","href":"https:\/\/api.w.org\/{rel}","templated":true}]}}