{"id":52327,"date":"2025-06-26T14:29:11","date_gmt":"2025-06-26T11:29:11","guid":{"rendered":"https:\/\/www.radiomarket.fi\/?post_type=product&#038;p=52327"},"modified":"2025-06-27T11:47:41","modified_gmt":"2025-06-27T08:47:41","slug":"ekum4028-salora","status":"publish","type":"product","link":"https:\/\/www.radiomarket.fi\/en\/kohde\/ekum4028-salora\/","title":{"rendered":"EKUM4028 SALORA"},"content":{"rendered":"<p>Paristokotelon luukku tallessa. Testattu 6\/2025, ei l\u00e4het\u00e4. Paristot eiv\u00e4t sis\u00e4lly kauppaan. Yksi nappi irronnut ja l\u00e4hettimen kantta ei ole.<\/p>","protected":false},"excerpt":{"rendered":"<p>Paristokotelon luukku tallessa. Testattu 6\/2025, ei l\u00e4het\u00e4. Paristot eiv\u00e4t sis\u00e4lly kauppaan. Yksi nappi irronnut ja l\u00e4hettimen kantta ei ole.<\/p>","protected":false},"featured_media":52331,"template":"","meta":[],"_links":{"self":[{"href":"https:\/\/www.radiomarket.fi\/en\/wp-json\/wp\/v2\/product\/52327"}],"collection":[{"href":"https:\/\/www.radiomarket.fi\/en\/wp-json\/wp\/v2\/product"}],"about":[{"href":"https:\/\/www.radiomarket.fi\/en\/wp-json\/wp\/v2\/types\/product"}],"wp:featuredmedia":[{"embeddable":true,"href":"https:\/\/www.radiomarket.fi\/en\/wp-json\/wp\/v2\/media\/52331"}],"wp:attachment":[{"href":"https:\/\/www.radiomarket.fi\/en\/wp-json\/wp\/v2\/media?parent=52327"}],"curies":[{"name":"wp","href":"https:\/\/api.w.org\/{rel}","templated":true}]}}