{"id":52438,"date":"2025-07-08T11:52:41","date_gmt":"2025-07-08T08:52:41","guid":{"rendered":"https:\/\/www.radiomarket.fi\/?post_type=product&#038;p=52438"},"modified":"2025-07-08T13:54:17","modified_gmt":"2025-07-08T10:54:17","slug":"ekum0933-horstmann-q-mark-3-time-switch-kuukausikellokytkin","status":"publish","type":"product","link":"https:\/\/www.radiomarket.fi\/en\/kohde\/ekum0933-horstmann-q-mark-3-time-switch-kuukausikellokytkin\/","title":{"rendered":"EKUM0933 Horstmann Q Mark 3 time switch kuukausikellokytkin NOS"},"content":{"rendered":"<p>K\u00e4ytt\u00e4m\u00e4t\u00f6n mekaaninen kellokytkin alkuper\u00e4ispakkauksessa. 200-250 volttia. Muovikuoren sivuissa pienet halkeamat kiinnityskohdissa, kts. kuva.<\/p>","protected":false},"excerpt":{"rendered":"<p>K\u00e4ytt\u00e4m\u00e4t\u00f6n mekaaninen kellokytkin alkuper\u00e4ispakkauksessa. 200-250 volttia. Muovikuoren sivuissa pienet halkeamat kiinnityskohdissa, kts. kuva.<\/p>","protected":false},"featured_media":52751,"template":"","meta":[],"_links":{"self":[{"href":"https:\/\/www.radiomarket.fi\/en\/wp-json\/wp\/v2\/product\/52438"}],"collection":[{"href":"https:\/\/www.radiomarket.fi\/en\/wp-json\/wp\/v2\/product"}],"about":[{"href":"https:\/\/www.radiomarket.fi\/en\/wp-json\/wp\/v2\/types\/product"}],"wp:featuredmedia":[{"embeddable":true,"href":"https:\/\/www.radiomarket.fi\/en\/wp-json\/wp\/v2\/media\/52751"}],"wp:attachment":[{"href":"https:\/\/www.radiomarket.fi\/en\/wp-json\/wp\/v2\/media?parent=52438"}],"curies":[{"name":"wp","href":"https:\/\/api.w.org\/{rel}","templated":true}]}}