{"id":52543,"date":"2025-07-04T14:40:43","date_gmt":"2025-07-04T11:40:43","guid":{"rendered":"https:\/\/www.radiomarket.fi\/?post_type=product&#038;p=52543"},"modified":"2025-12-18T14:54:00","modified_gmt":"2025-12-18T12:54:00","slug":"ekum3480-elac-47-01-24x125-cm-30-ohmia-4-ohminen-kaiutinelementti","status":"publish","type":"product","link":"https:\/\/www.radiomarket.fi\/en\/kohde\/ekum3480-elac-47-01-24x125-cm-30-ohmia-4-ohminen-kaiutinelementti\/","title":{"rendered":"EKUM3480 Elac 47\/01 24&#215;12,5 cm 3,0 ohmia 4 ohminen kaiutinelementti"},"content":{"rendered":"<p>P\u00e4\u00e4s\u00e4\u00e4nt\u00f6isesti k\u00e4ytettyj\u00e4 kaiutinelementtej\u00e4. EKUA15, EKUM10, EKUM12, EKUM14, EKUM28, EKUM34, EKUS12 ja LARS03 -alkuisilla tuotenumeroilla olevat kaiutinelementit on testattu yleismittarilla ja otsikossa mainittu impedanssi on mitattu. Mitattu impedanssi saattaa poiketa kaiuttimeen merkityst\u00e4 kuvassa n\u00e4kyv\u00e4st\u00e4 impedanssista. Kaiutinelementtej\u00e4 ei ole soittotestattu. Otsikossa mainitut mitat ovat elementin \u00e4\u00e4rimittoja tai halkaisija, tai joissain tapauksissa kaiuttimen kiinnityslevyn mittoja.<\/p><p>Syvyys noin 65 mm. Mittaustulos 3,0 ohmia.<\/p><p>&nbsp;<\/p><p>&nbsp;<\/p>","protected":false},"excerpt":{"rendered":"<p>P\u00e4\u00e4s\u00e4\u00e4nt\u00f6isesti k\u00e4ytettyj\u00e4 kaiutinelementtej\u00e4. EKUA15, EKUM10, EKUM12, EKUM14, EKUM28, EKUM34, EKUS12 ja LARS03 -alkuisilla tuotenumeroilla olevat kaiutinelementit on testattu yleismittarilla ja otsikossa mainittu impedanssi on mitattu. Mitattu impedanssi saattaa poiketa kaiuttimeen merkityst\u00e4 kuvassa n\u00e4kyv\u00e4st\u00e4 impedanssista. Kaiutinelementtej\u00e4 ei ole soittotestattu. Otsikossa mainitut mitat ovat elementin \u00e4\u00e4rimittoja tai halkaisija, tai joissain tapauksissa kaiuttimen kiinnityslevyn mittoja.Syvyys noin 65 mm. &hellip;<\/p>\n<p class=\"read-more\"> <a class=\"thunk-readmore button\" href=\"https:\/\/www.radiomarket.fi\/en\/kohde\/ekum3480-elac-47-01-24x125-cm-30-ohmia-4-ohminen-kaiutinelementti\/\"> <span class=\"screen-reader-text\">EKUM3480 Elac 47\/01 24&#215;12,5 cm 3,0 ohmia 4 ohminen kaiutinelementti<\/span>Read More<\/a><\/p>","protected":false},"featured_media":52544,"template":"","meta":[],"_links":{"self":[{"href":"https:\/\/www.radiomarket.fi\/en\/wp-json\/wp\/v2\/product\/52543"}],"collection":[{"href":"https:\/\/www.radiomarket.fi\/en\/wp-json\/wp\/v2\/product"}],"about":[{"href":"https:\/\/www.radiomarket.fi\/en\/wp-json\/wp\/v2\/types\/product"}],"wp:featuredmedia":[{"embeddable":true,"href":"https:\/\/www.radiomarket.fi\/en\/wp-json\/wp\/v2\/media\/52544"}],"wp:attachment":[{"href":"https:\/\/www.radiomarket.fi\/en\/wp-json\/wp\/v2\/media?parent=52543"}],"curies":[{"name":"wp","href":"https:\/\/api.w.org\/{rel}","templated":true}]}}