{"id":52574,"date":"2025-07-06T14:26:06","date_gmt":"2025-07-06T11:26:06","guid":{"rendered":"https:\/\/www.radiomarket.fi\/?post_type=product&#038;p=52574"},"modified":"2025-07-06T14:42:12","modified_gmt":"2025-07-06T11:42:12","slug":"ekum4203-nokia-ringo-tyyppi-nhn-2nf-nmt900","status":"publish","type":"product","link":"https:\/\/www.radiomarket.fi\/en\/kohde\/ekum4203-nokia-ringo-tyyppi-nhn-2nf-nmt900\/","title":{"rendered":"EKUM4203 Nokia rinGo Tyyppi: NHN-2NF NMT900"},"content":{"rendered":"<p>Testattu: 7\/2025<br \/>Koesoitto tehty: ei tehty<br \/>Laturi: ei kuulu kauppaan<br \/>Akku: BBT-6E sis\u00e4ltyy kauppaan, testattu 7\/2025, akku tai puhelin ei vastaanota virtaa<br \/><br \/><br \/>T\u00e4st\u00e4 esineest\u00e4 voidaan luopua, koska siit\u00e4 on olemassa jo parempikuntoinen tai t\u00e4ydellisempi esine museokokoelmassa. Ei tutkittu tarkemmin.<\/p>","protected":false},"excerpt":{"rendered":"<p>Testattu: 7\/2025Koesoitto tehty: ei tehtyLaturi: ei kuulu kauppaanAkku: BBT-6E sis\u00e4ltyy kauppaan, testattu 7\/2025, akku tai puhelin ei vastaanota virtaaT\u00e4st\u00e4 esineest\u00e4 voidaan luopua, koska siit\u00e4 on olemassa jo parempikuntoinen tai t\u00e4ydellisempi esine museokokoelmassa. Ei tutkittu tarkemmin.<\/p>","protected":false},"featured_media":52576,"template":"","meta":[],"_links":{"self":[{"href":"https:\/\/www.radiomarket.fi\/en\/wp-json\/wp\/v2\/product\/52574"}],"collection":[{"href":"https:\/\/www.radiomarket.fi\/en\/wp-json\/wp\/v2\/product"}],"about":[{"href":"https:\/\/www.radiomarket.fi\/en\/wp-json\/wp\/v2\/types\/product"}],"wp:featuredmedia":[{"embeddable":true,"href":"https:\/\/www.radiomarket.fi\/en\/wp-json\/wp\/v2\/media\/52576"}],"wp:attachment":[{"href":"https:\/\/www.radiomarket.fi\/en\/wp-json\/wp\/v2\/media?parent=52574"}],"curies":[{"name":"wp","href":"https:\/\/api.w.org\/{rel}","templated":true}]}}