{"id":52636,"date":"2025-07-07T11:36:07","date_gmt":"2025-07-07T08:36:07","guid":{"rendered":"https:\/\/www.radiomarket.fi\/?post_type=product&#038;p=52636"},"modified":"2025-11-24T13:36:17","modified_gmt":"2025-11-24T11:36:17","slug":"ekus0805-radiot-lehti-2-2025-tulossa","status":"publish","type":"product","link":"https:\/\/www.radiomarket.fi\/en\/kohde\/ekus0805-radiot-lehti-2-2025-tulossa\/","title":{"rendered":"EKUS0804 Radiot-lehti 2\/2025"},"content":{"rendered":"<p>Suomen Radiohistoriallinen Seura ry:n julkaisema SRHS-j\u00e4senlehti 2\/2025 (26.5.2025). Seuran j\u00e4senille lehdist\u00e4 50% j\u00e4senalennus, jos haluat j\u00e4senalennuksen, tilaa haluamasi numerot s\u00e4hk\u00f6postitse.<br \/><br \/><strong>T\u00e4ss\u00e4 numerossa:<\/strong><br \/><br \/>Seuran kev\u00e4tkokous 2025 H\u00e4meenkoskella (Jorma Raita)<br \/>Voikukkia (Teppo Gustafsson)<br \/>Televisioraportti Englannista (Heikki Marttila)<br \/>Tukholman automaattinen puhelinkeskus. Norra Vasa 1921 ja Ericsson SO-500 (AGF) j\u00e4rjestelm\u00e4 (Janne Strang)<br \/>Helvar Standart Celeston 5326W (Heikki Rinnemaa)<br \/>Asiantuntijoille\/ymm\u00e4rt\u00e4jille (Pekka Toivanen)<br \/>Radioteknillinen Seura ry:n vierailu Genelec Oy:n<br \/>tehtaalle Iisalmeen (Raimo Sj\u00f6berg ja Jorma Raita)<br \/>Artikkeli radioaaltojen kanavoitumisesta (Heikki Marttila)<br \/>Olinhan siell\u00e4 min\u00e4kin\u2026 (Kari Syrj\u00e4nen)<br \/>Turun Radioseura 80 vuotta (Stig Land\u00e9n)<br \/>Millennium, Vapepa ja Turva (Timo Kiiski)<br \/>Tarinaa Yleisradion Mittausasemasta (Heikki Marttila)<br \/>Finstrument 73, kotimainen SINAD-mittari (Raimo Sj\u00f6berg)<br \/>Suomen DX-Liitto (Risto V\u00e4h\u00e4kainu)<br \/>RTS<br \/>Yle 100 vuotta (Heikki Marttila)<br \/>Pet\u00e4j\u00e4veden museon kuulumisia<br \/>Puhelinpila vuosien takaa (Raimo Sj\u00f6berg)<br \/>Radiokuvia k\u00e4nnyk\u00e4ll\u00e4 (Kauko Viitanen)<br \/><br \/>Varastosaldoon on laskettu uudet ja k\u00e4ytetyt lehdet. Uudet lehdet myyd\u00e4\u00e4n ensin.\u00a0<\/p>","protected":false},"excerpt":{"rendered":"<p>Loppuunmyydyksi merkittyjen lehtien yksitt\u00e4isist\u00e4 artikkeleista voi tiedustella kopioita tai skannauksia. Kirjetoimitusluokan tuotteita samaan tilaukseen yhdistett\u00e4ess\u00e4 lis\u00e4tuotteet nostavat perustoimituskulua vain joitakin kymmeni\u00e4 senttej\u00e4 (vuoden 2025 postin hinnoittelun mukaan).<\/p>","protected":false},"featured_media":55610,"template":"","meta":[],"_links":{"self":[{"href":"https:\/\/www.radiomarket.fi\/en\/wp-json\/wp\/v2\/product\/52636"}],"collection":[{"href":"https:\/\/www.radiomarket.fi\/en\/wp-json\/wp\/v2\/product"}],"about":[{"href":"https:\/\/www.radiomarket.fi\/en\/wp-json\/wp\/v2\/types\/product"}],"wp:featuredmedia":[{"embeddable":true,"href":"https:\/\/www.radiomarket.fi\/en\/wp-json\/wp\/v2\/media\/55610"}],"wp:attachment":[{"href":"https:\/\/www.radiomarket.fi\/en\/wp-json\/wp\/v2\/media?parent=52636"}],"curies":[{"name":"wp","href":"https:\/\/api.w.org\/{rel}","templated":true}]}}