{"id":52916,"date":"2025-07-11T10:36:51","date_gmt":"2025-07-11T07:36:51","guid":{"rendered":"https:\/\/www.radiomarket.fi\/?post_type=product&#038;p=52916"},"modified":"2025-07-11T10:40:06","modified_gmt":"2025-07-11T07:40:06","slug":"ekum3483-kaiutinelementti-paatemuuntaja-165-cm","status":"publish","type":"product","link":"https:\/\/www.radiomarket.fi\/en\/kohde\/ekum3483-kaiutinelementti-paatemuuntaja-165-cm\/","title":{"rendered":"EKUM3483 kaiutinelementti p\u00e4\u00e4temuuntaja 16,5 cm"},"content":{"rendered":"<p>P\u00e4\u00e4s\u00e4\u00e4nt\u00f6isesti k\u00e4ytettyj\u00e4 kaiutinelementtej\u00e4. EKUA15, EKUM10, EKUM12, EKUM14, EKUM28, EKUM34, EKUS12 ja LARS03 -alkuisilla tuotenumeroilla olevat kaiutinelementit on testattu yleismittarilla ja otsikossa mainittu impedanssi on mitattu. Mitattu impedanssi saattaa poiketa kaiuttimeen merkityst\u00e4 kuvassa n\u00e4kyv\u00e4st\u00e4 impedanssista. Kaiutinelementtej\u00e4 ei ole soittotestattu. Otsikossa mainitut mitat ovat elementin \u00e4\u00e4rimittoja tai halkaisija, tai joissain tapauksissa kaiuttimen kiinnityslevyn mittoja.<\/p><p>Kaiutin on korjattavissa. Kaiuttimesta ei saa paristo testill\u00e4 tai mittaamalla tulosta.<\/p><p>Syvyys noin 95 mm<\/p>","protected":false},"excerpt":{"rendered":"<p>P\u00e4\u00e4s\u00e4\u00e4nt\u00f6isesti k\u00e4ytettyj\u00e4 kaiutinelementtej\u00e4. EKUA15, EKUM10, EKUM12, EKUM14, EKUM28, EKUM34, EKUS12 ja LARS03 -alkuisilla tuotenumeroilla olevat kaiutinelementit on testattu yleismittarilla ja otsikossa mainittu impedanssi on mitattu. Mitattu impedanssi saattaa poiketa kaiuttimeen merkityst\u00e4 kuvassa n\u00e4kyv\u00e4st\u00e4 impedanssista. Kaiutinelementtej\u00e4 ei ole soittotestattu. Otsikossa mainitut mitat ovat elementin \u00e4\u00e4rimittoja tai halkaisija, tai joissain tapauksissa kaiuttimen kiinnityslevyn mittoja.Kaiutin on korjattavissa. Kaiuttimesta &hellip;<\/p>\n<p class=\"read-more\"> <a class=\"thunk-readmore button\" href=\"https:\/\/www.radiomarket.fi\/en\/kohde\/ekum3483-kaiutinelementti-paatemuuntaja-165-cm\/\"> <span class=\"screen-reader-text\">EKUM3483 kaiutinelementti p\u00e4\u00e4temuuntaja 16,5 cm<\/span>Read More<\/a><\/p>","protected":false},"featured_media":52917,"template":"","meta":[],"_links":{"self":[{"href":"https:\/\/www.radiomarket.fi\/en\/wp-json\/wp\/v2\/product\/52916"}],"collection":[{"href":"https:\/\/www.radiomarket.fi\/en\/wp-json\/wp\/v2\/product"}],"about":[{"href":"https:\/\/www.radiomarket.fi\/en\/wp-json\/wp\/v2\/types\/product"}],"wp:featuredmedia":[{"embeddable":true,"href":"https:\/\/www.radiomarket.fi\/en\/wp-json\/wp\/v2\/media\/52917"}],"wp:attachment":[{"href":"https:\/\/www.radiomarket.fi\/en\/wp-json\/wp\/v2\/media?parent=52916"}],"curies":[{"name":"wp","href":"https:\/\/api.w.org\/{rel}","templated":true}]}}