{"id":53681,"date":"2025-07-25T10:57:47","date_gmt":"2025-07-25T07:57:47","guid":{"rendered":"https:\/\/www.radiomarket.fi\/?post_type=product&#038;p=53681"},"modified":"2026-02-09T15:58:17","modified_gmt":"2026-02-09T13:58:17","slug":"ekub0848-bianchi-radiokotelo-nivelella","status":"publish","type":"product","link":"https:\/\/www.radiomarket.fi\/en\/kohde\/ekub0848-bianchi-radiokotelo-nivelella\/","title":{"rendered":"EKUB0848 Bianchi radiokotelo nivelell\u00e4 NOS"},"content":{"rendered":"<p>Viranomaisk\u00e4ytt\u00f6\u00f6n valmistettu vy\u00f6kotelo radiolle. K\u00e4\u00e4nt\u00f6nivel tekee t\u00e4st\u00e4 poikkeuksellisen fiksun, jo keskikokoinen radio omalla klipsill\u00e4\u00e4n vy\u00f6ss\u00e4 vaatii radion irrottamisen autoon istuessa. T\u00e4m\u00e4 kotelo ratkaisee ongelman niin hirvimets\u00e4ll\u00e4 kuin muissakin harrastuksissa.<\/p><p>Vy\u00f6n leveys enint\u00e4\u00e4n 2&#8243; eli 5 cm. Kuvissa n\u00e4kyv\u00e4 Bearcatin skanneri ei sis\u00e4lly toimitukseen, onpahan vain havainnollistamassa kotelon toimintaa.<\/p><p>Bianchi 31311 k\u00e4ytt\u00e4m\u00e4t\u00f6nt\u00e4 vanhaa varastoa.<\/p>","protected":false},"excerpt":{"rendered":"<p>Viranomaisk\u00e4ytt\u00f6\u00f6n valmistettu vy\u00f6kotelo radiolle. K\u00e4\u00e4nt\u00f6nivel tekee t\u00e4st\u00e4 poikkeuksellisen fiksun, jo keskikokoinen radio omalla klipsill\u00e4\u00e4n vy\u00f6ss\u00e4 vaatii radion irrottamisen autoon istuessa. T\u00e4m\u00e4 kotelo ratkaisee ongelman niin hirvimets\u00e4ll\u00e4 kuin muissakin harrastuksissa.Vy\u00f6n leveys enint\u00e4\u00e4n 2&#8243; eli 5 cm. Kuvissa n\u00e4kyv\u00e4 Bearcatin skanneri ei sis\u00e4lly toimitukseen, onpahan vain havainnollistamassa kotelon toimintaa.Bianchi 31311 k\u00e4ytt\u00e4m\u00e4t\u00f6nt\u00e4 vanhaa varastoa.<\/p>","protected":false},"featured_media":53682,"template":"","meta":[],"_links":{"self":[{"href":"https:\/\/www.radiomarket.fi\/en\/wp-json\/wp\/v2\/product\/53681"}],"collection":[{"href":"https:\/\/www.radiomarket.fi\/en\/wp-json\/wp\/v2\/product"}],"about":[{"href":"https:\/\/www.radiomarket.fi\/en\/wp-json\/wp\/v2\/types\/product"}],"wp:featuredmedia":[{"embeddable":true,"href":"https:\/\/www.radiomarket.fi\/en\/wp-json\/wp\/v2\/media\/53682"}],"wp:attachment":[{"href":"https:\/\/www.radiomarket.fi\/en\/wp-json\/wp\/v2\/media?parent=53681"}],"curies":[{"name":"wp","href":"https:\/\/api.w.org\/{rel}","templated":true}]}}