{"id":53835,"date":"2025-07-27T14:52:56","date_gmt":"2025-07-27T11:52:56","guid":{"rendered":"https:\/\/www.radiomarket.fi\/?post_type=product&#038;p=53835"},"modified":"2025-07-27T15:00:51","modified_gmt":"2025-07-27T12:00:51","slug":"ekum3503-31-ohmia-21x10-cm-peerless-magneettinen-kaiutin-s35m-4-ohminen-kaiutinelementti","status":"publish","type":"product","link":"https:\/\/www.radiomarket.fi\/en\/kohde\/ekum3503-31-ohmia-21x10-cm-peerless-magneettinen-kaiutin-s35m-4-ohminen-kaiutinelementti\/","title":{"rendered":"EKUM3503 3,1 ohmia 21&#215;10 cm Peerless magneettinen kaiutin S35M 4 ohminen kaiutinelementti"},"content":{"rendered":"<p>P\u00e4\u00e4s\u00e4\u00e4nt\u00f6isesti k\u00e4ytettyj\u00e4 kaiutinelementtej\u00e4. EKUA15, EKUM10, EKUM12, EKUM14, EKUM28, EKUM34, EKUS12 ja LARS03 -alkuisilla tuotenumeroilla olevat kaiutinelementit on testattu yleismittarilla ja otsikossa mainittu impedanssi on mitattu. Mitattu impedanssi saattaa poiketa kaiuttimeen merkityst\u00e4 kuvassa n\u00e4kyv\u00e4st\u00e4 impedanssista. Kaiutinelementtej\u00e4 ei ole soittotestattu. Otsikossa mainitut mitat ovat elementin \u00e4\u00e4rimittoja tai halkaisija, tai joissain tapauksissa kaiuttimen kiinnityslevyn mittoja.<\/p><p>Kaiutin on osana 3- kaiuttimen sarjaa, jotka on irrotettu televisiosta.<\/p><p>Mittaustulos oli 3,1 ohmia.<\/p><p>Syvyys noin 70 mm.\u00a0<\/p><p>&nbsp;<\/p>","protected":false},"excerpt":{"rendered":"<p>P\u00e4\u00e4s\u00e4\u00e4nt\u00f6isesti k\u00e4ytettyj\u00e4 kaiutinelementtej\u00e4. EKUA15, EKUM10, EKUM12, EKUM14, EKUM28, EKUM34, EKUS12 ja LARS03 -alkuisilla tuotenumeroilla olevat kaiutinelementit on testattu yleismittarilla ja otsikossa mainittu impedanssi on mitattu. Mitattu impedanssi saattaa poiketa kaiuttimeen merkityst\u00e4 kuvassa n\u00e4kyv\u00e4st\u00e4 impedanssista. Kaiutinelementtej\u00e4 ei ole soittotestattu. Otsikossa mainitut mitat ovat elementin \u00e4\u00e4rimittoja tai halkaisija, tai joissain tapauksissa kaiuttimen kiinnityslevyn mittoja.Kaiutin on osana 3- &hellip;<\/p>\n<p class=\"read-more\"> <a class=\"thunk-readmore button\" href=\"https:\/\/www.radiomarket.fi\/en\/kohde\/ekum3503-31-ohmia-21x10-cm-peerless-magneettinen-kaiutin-s35m-4-ohminen-kaiutinelementti\/\"> <span class=\"screen-reader-text\">EKUM3503 3,1 ohmia 21&#215;10 cm Peerless magneettinen kaiutin S35M 4 ohminen kaiutinelementti<\/span>Read More<\/a><\/p>","protected":false},"featured_media":53837,"template":"","meta":[],"_links":{"self":[{"href":"https:\/\/www.radiomarket.fi\/en\/wp-json\/wp\/v2\/product\/53835"}],"collection":[{"href":"https:\/\/www.radiomarket.fi\/en\/wp-json\/wp\/v2\/product"}],"about":[{"href":"https:\/\/www.radiomarket.fi\/en\/wp-json\/wp\/v2\/types\/product"}],"wp:featuredmedia":[{"embeddable":true,"href":"https:\/\/www.radiomarket.fi\/en\/wp-json\/wp\/v2\/media\/53837"}],"wp:attachment":[{"href":"https:\/\/www.radiomarket.fi\/en\/wp-json\/wp\/v2\/media?parent=53835"}],"curies":[{"name":"wp","href":"https:\/\/api.w.org\/{rel}","templated":true}]}}