{"id":53920,"date":"2025-07-29T19:03:16","date_gmt":"2025-07-29T16:03:16","guid":{"rendered":"https:\/\/www.radiomarket.fi\/?post_type=product&#038;p=53920"},"modified":"2025-07-30T08:46:39","modified_gmt":"2025-07-30T05:46:39","slug":"ekum0945-sony-icf-7600ds-matkaradio-ei-toimi","status":"publish","type":"product","link":"https:\/\/www.radiomarket.fi\/en\/kohde\/ekum0945-sony-icf-7600ds-matkaradio-ei-toimi\/","title":{"rendered":"EKUM0945 Sony ICF-7600DS matkaradio ei toimi"},"content":{"rendered":"<p>Kovasti k\u00e4ytetty, lahjoittajan mukaan toimiva radio. Radio ei l\u00e4htenyt paristoilla soimaan, joten arvaamme syyksi hapettuman paristokoskettimissa. Kello kyll\u00e4 her\u00e4si.<\/p>","protected":false},"excerpt":{"rendered":"<p>Kovasti k\u00e4ytetty, lahjoittajan mukaan toimiva radio. Radio ei l\u00e4htenyt paristoilla soimaan, joten arvaamme syyksi hapettuman paristokoskettimissa. Kello kyll\u00e4 her\u00e4si.<\/p>","protected":false},"featured_media":53921,"template":"","meta":[],"_links":{"self":[{"href":"https:\/\/www.radiomarket.fi\/en\/wp-json\/wp\/v2\/product\/53920"}],"collection":[{"href":"https:\/\/www.radiomarket.fi\/en\/wp-json\/wp\/v2\/product"}],"about":[{"href":"https:\/\/www.radiomarket.fi\/en\/wp-json\/wp\/v2\/types\/product"}],"wp:featuredmedia":[{"embeddable":true,"href":"https:\/\/www.radiomarket.fi\/en\/wp-json\/wp\/v2\/media\/53921"}],"wp:attachment":[{"href":"https:\/\/www.radiomarket.fi\/en\/wp-json\/wp\/v2\/media?parent=53920"}],"curies":[{"name":"wp","href":"https:\/\/api.w.org\/{rel}","templated":true}]}}