{"id":54093,"date":"2025-08-02T14:30:36","date_gmt":"2025-08-02T11:30:36","guid":{"rendered":"https:\/\/www.radiomarket.fi\/?post_type=product&#038;p=54093"},"modified":"2025-08-02T14:39:27","modified_gmt":"2025-08-02T11:39:27","slug":"ekum3531-asteikkopleksi-10x40-cm-asa-studio","status":"publish","type":"product","link":"https:\/\/www.radiomarket.fi\/en\/kohde\/ekum3531-asteikkopleksi-10x40-cm-asa-studio\/","title":{"rendered":"EKUM3532 asteikkopleksi 10&#215;40 cm ASA studio"},"content":{"rendered":"<p>Suosittelemme s\u00e4rkyv\u00e4\u00e4-lis\u00e4palvelua t\u00e4lle tuotteelle.\u00a0<\/p>","protected":false},"excerpt":{"rendered":"<p>Suosittelemme s\u00e4rkyv\u00e4\u00e4-lis\u00e4palvelua t\u00e4lle tuotteelle.\u00a0<\/p>","protected":false},"featured_media":54095,"template":"","meta":[],"_links":{"self":[{"href":"https:\/\/www.radiomarket.fi\/en\/wp-json\/wp\/v2\/product\/54093"}],"collection":[{"href":"https:\/\/www.radiomarket.fi\/en\/wp-json\/wp\/v2\/product"}],"about":[{"href":"https:\/\/www.radiomarket.fi\/en\/wp-json\/wp\/v2\/types\/product"}],"wp:featuredmedia":[{"embeddable":true,"href":"https:\/\/www.radiomarket.fi\/en\/wp-json\/wp\/v2\/media\/54095"}],"wp:attachment":[{"href":"https:\/\/www.radiomarket.fi\/en\/wp-json\/wp\/v2\/media?parent=54093"}],"curies":[{"name":"wp","href":"https:\/\/api.w.org\/{rel}","templated":true}]}}