{"id":54150,"date":"2025-08-03T14:51:53","date_gmt":"2025-08-03T11:51:53","guid":{"rendered":"https:\/\/www.radiomarket.fi\/?post_type=product&#038;p=54150"},"modified":"2025-08-05T10:25:37","modified_gmt":"2025-08-05T07:25:37","slug":"ekum3551-405x22cm-takalevy","status":"publish","type":"product","link":"https:\/\/www.radiomarket.fi\/en\/kohde\/ekum3551-405x22cm-takalevy\/","title":{"rendered":"EKUM3552 46x32cm takalevy asa 361 pistokkeella"},"content":{"rendered":"<p>Putkiradion tai muun vastaavan laitteen takalevy. K\u00e4ytetty, purkulaitteesta purettu. Toimitetaan mittojen salliessa kirjeen\u00e4, muutoin postin pakettina. Kirjeen maksimimitat 250 mm x 353 mm x 30 mm. Otsikkorivill\u00e4 ilmoitettu takalevyn mitatut mitat senttimetrein\u00e4. Varmistathan tietojen oikeellisuuden myyj\u00e4lt\u00e4.<\/p><p>EKUM3553 liittyy t\u00e4h\u00e4n tuotteeseen. Jos haluat kunnostaa ASA 361 laitteen, kannattaa katsoa my\u00f6s EKUM3553.<\/p>","protected":false},"excerpt":{"rendered":"<p>Putkiradion tai muun vastaavan laitteen takalevy. K\u00e4ytetty, purkulaitteesta purettu. Toimitetaan mittojen salliessa kirjeen\u00e4, muutoin postin pakettina. Kirjeen maksimimitat 250 mm x 353 mm x 30 mm. Otsikkorivill\u00e4 ilmoitettu takalevyn mitatut mitat senttimetrein\u00e4. Varmistathan tietojen oikeellisuuden myyj\u00e4lt\u00e4.EKUM3553 liittyy t\u00e4h\u00e4n tuotteeseen. Jos haluat kunnostaa ASA 361 laitteen, kannattaa katsoa my\u00f6s EKUM3553.<\/p>","protected":false},"featured_media":54216,"template":"","meta":[],"_links":{"self":[{"href":"https:\/\/www.radiomarket.fi\/en\/wp-json\/wp\/v2\/product\/54150"}],"collection":[{"href":"https:\/\/www.radiomarket.fi\/en\/wp-json\/wp\/v2\/product"}],"about":[{"href":"https:\/\/www.radiomarket.fi\/en\/wp-json\/wp\/v2\/types\/product"}],"wp:featuredmedia":[{"embeddable":true,"href":"https:\/\/www.radiomarket.fi\/en\/wp-json\/wp\/v2\/media\/54216"}],"wp:attachment":[{"href":"https:\/\/www.radiomarket.fi\/en\/wp-json\/wp\/v2\/media?parent=54150"}],"curies":[{"name":"wp","href":"https:\/\/api.w.org\/{rel}","templated":true}]}}