{"id":54197,"date":"2025-08-04T15:53:54","date_gmt":"2025-08-04T12:53:54","guid":{"rendered":"https:\/\/www.radiomarket.fi\/?post_type=product&#038;p=54197"},"modified":"2025-09-17T11:58:55","modified_gmt":"2025-09-17T08:58:55","slug":"ekum0293-radio-tv-ym-nuppeja","status":"publish","type":"product","link":"https:\/\/www.radiomarket.fi\/en\/kohde\/ekum0293-radio-tv-ym-nuppeja\/","title":{"rendered":"EKUM0293 potentiometrej\u00e4 erilaisia"},"content":{"rendered":"<p>Tilatessasi ilmoitathan tuotenumeron (esim EKUA 1234) ja tilaamasi potikan paikan kuvassa (esim. toiseksi ylin rivi, toinen potikka vasemmalta). Voit tilata s\u00e4hk\u00f6postitse my\u00f6s siin\u00e4 tapauksessa, mik\u00e4li arvelet tuotteen sopivan kirjetoimituksena (kirjeen paksuus max 3cm). Lis\u00e4\u00e4 potentiometrej\u00e4 Radiomarketin tuotekategoriassa &#8220;Potentiometrit&#8221;.<br \/><br \/><strong>Saatavuus (20250731):<\/strong><br \/>Kuvan mukaiset potentiometrit pit\u00e4isi olla saatavilla.\u00a0<\/p>","protected":false},"excerpt":{"rendered":"<p>Tilatessasi ilmoitathan tuotenumeron (esim EKUA 1234) ja tilaamasi potikan paikan kuvassa (esim. toiseksi ylin rivi, toinen potikka vasemmalta). Voit tilata s\u00e4hk\u00f6postitse my\u00f6s siin\u00e4 tapauksessa, mik\u00e4li arvelet tuotteen sopivan kirjetoimituksena (kirjeen paksuus max 3cm). Lis\u00e4\u00e4 potentiometrej\u00e4 Radiomarketin tuotekategoriassa &#8220;Potentiometrit&#8221;.Saatavuus (20250731):Kuvan mukaiset potentiometrit pit\u00e4isi olla saatavilla.\u00a0<\/p>","protected":false},"featured_media":54199,"template":"","meta":[],"_links":{"self":[{"href":"https:\/\/www.radiomarket.fi\/en\/wp-json\/wp\/v2\/product\/54197"}],"collection":[{"href":"https:\/\/www.radiomarket.fi\/en\/wp-json\/wp\/v2\/product"}],"about":[{"href":"https:\/\/www.radiomarket.fi\/en\/wp-json\/wp\/v2\/types\/product"}],"wp:featuredmedia":[{"embeddable":true,"href":"https:\/\/www.radiomarket.fi\/en\/wp-json\/wp\/v2\/media\/54199"}],"wp:attachment":[{"href":"https:\/\/www.radiomarket.fi\/en\/wp-json\/wp\/v2\/media?parent=54197"}],"curies":[{"name":"wp","href":"https:\/\/api.w.org\/{rel}","templated":true}]}}