{"id":54205,"date":"2025-08-04T16:25:16","date_gmt":"2025-08-04T13:25:16","guid":{"rendered":"https:\/\/www.radiomarket.fi\/?post_type=product&#038;p=54205"},"modified":"2025-08-04T16:26:08","modified_gmt":"2025-08-04T13:26:08","slug":"ekum0295-radio-tv-ym-nuppeja","status":"publish","type":"product","link":"https:\/\/www.radiomarket.fi\/en\/kohde\/ekum0295-radio-tv-ym-nuppeja\/","title":{"rendered":"EKUM0295 radio, TV ym. nuppeja"},"content":{"rendered":"<p>Tilatessasi ilmoitathan tuotenumeron (esim EKUA 1234) ja tilaamasi nupin paikan kuvassa (esim. toiseksi ylin rivi, toinen nuppi vasemmalta). Osa nupeista on saatettu myyd\u00e4, joten kannattaa varmistaa saatavuus etuk\u00e4teen s\u00e4hk\u00f6postitse. Voit tilata s\u00e4hk\u00f6postitse my\u00f6s siin\u00e4 tapauksessa, mik\u00e4li arvelet tuotteen sopivan kirjetoimituksena (kirjeen paksuus max 3cm). Lis\u00e4\u00e4 nuppeja Radiomarketin tuotekategoriassa &#8220;Nupit&#8221;.<br \/><br \/><strong>Saatavuus (20250731):<\/strong><br \/>Nuppeja on saatettu myyd\u00e4, joten varmistathan saatavuuden.\u00a0<\/p><p>Kuvaan on laitettu malliksi yksi kutakin nuppia. Samanlaisia tai vastaavia nuppeja voi olla varastossa enemm\u00e4nkin. Nupit ovat p\u00e4\u00e4osin k\u00e4ytettyj\u00e4, purkuradioista purettuja. Joistakin voi puuttua ruuvi ja\/tai mutteri.<\/p>","protected":false},"excerpt":{"rendered":"<p>Tilatessasi ilmoitathan tuotenumeron (esim EKUA 1234) ja tilaamasi nupin paikan kuvassa (esim. toiseksi ylin rivi, toinen nuppi vasemmalta). Osa nupeista on saatettu myyd\u00e4, joten kannattaa varmistaa saatavuus etuk\u00e4teen s\u00e4hk\u00f6postitse. Voit tilata s\u00e4hk\u00f6postitse my\u00f6s siin\u00e4 tapauksessa, mik\u00e4li arvelet tuotteen sopivan kirjetoimituksena (kirjeen paksuus max 3cm). Lis\u00e4\u00e4 nuppeja Radiomarketin tuotekategoriassa &#8220;Nupit&#8221;.Saatavuus (20250731):Nuppeja on saatettu myyd\u00e4, joten varmistathan &hellip;<\/p>\n<p class=\"read-more\"> <a class=\"thunk-readmore button\" href=\"https:\/\/www.radiomarket.fi\/en\/kohde\/ekum0295-radio-tv-ym-nuppeja\/\"> <span class=\"screen-reader-text\">EKUM0295 radio, TV ym. nuppeja<\/span>Read More<\/a><\/p>","protected":false},"featured_media":54208,"template":"","meta":[],"_links":{"self":[{"href":"https:\/\/www.radiomarket.fi\/en\/wp-json\/wp\/v2\/product\/54205"}],"collection":[{"href":"https:\/\/www.radiomarket.fi\/en\/wp-json\/wp\/v2\/product"}],"about":[{"href":"https:\/\/www.radiomarket.fi\/en\/wp-json\/wp\/v2\/types\/product"}],"wp:featuredmedia":[{"embeddable":true,"href":"https:\/\/www.radiomarket.fi\/en\/wp-json\/wp\/v2\/media\/54208"}],"wp:attachment":[{"href":"https:\/\/www.radiomarket.fi\/en\/wp-json\/wp\/v2\/media?parent=54205"}],"curies":[{"name":"wp","href":"https:\/\/api.w.org\/{rel}","templated":true}]}}