{"id":54217,"date":"2025-08-05T10:25:59","date_gmt":"2025-08-05T07:25:59","guid":{"rendered":"https:\/\/www.radiomarket.fi\/?post_type=product&#038;p=54217"},"modified":"2025-08-05T10:31:14","modified_gmt":"2025-08-05T07:31:14","slug":"ekum3553-20x39cm-kauitinosa-asa-361","status":"publish","type":"product","link":"https:\/\/www.radiomarket.fi\/en\/kohde\/ekum3553-20x39cm-kauitinosa-asa-361\/","title":{"rendered":"EKUM3553 20x39cm Kauitinosa asa 361"},"content":{"rendered":"<p>Putkiradion tai muun vastaavan laitteen takalevy. K\u00e4ytetty, purkulaitteesta purettu. Toimitetaan mittojen salliessa kirjeen\u00e4, muutoin postin pakettina. Kirjeen maksimimitat 250 mm x 353 mm x 30 mm. Otsikkorivill\u00e4 ilmoitettu takalevyn mitatut mitat senttimetrein\u00e4. Varmistathan tietojen oikeellisuuden myyj\u00e4lt\u00e4.<\/p><p>EKUM3552 liittyy t\u00e4h\u00e4n tuotteeseen. Jos haluat kunnostaa ASA 361 laitteen, kannattaa katsoa my\u00f6s EKUM3552.<\/p>","protected":false},"excerpt":{"rendered":"<p>Putkiradion tai muun vastaavan laitteen takalevy. K\u00e4ytetty, purkulaitteesta purettu. Toimitetaan mittojen salliessa kirjeen\u00e4, muutoin postin pakettina. Kirjeen maksimimitat 250 mm x 353 mm x 30 mm. Otsikkorivill\u00e4 ilmoitettu takalevyn mitatut mitat senttimetrein\u00e4. Varmistathan tietojen oikeellisuuden myyj\u00e4lt\u00e4.EKUM3552 liittyy t\u00e4h\u00e4n tuotteeseen. Jos haluat kunnostaa ASA 361 laitteen, kannattaa katsoa my\u00f6s EKUM3552.<\/p>","protected":false},"featured_media":54219,"template":"","meta":[],"_links":{"self":[{"href":"https:\/\/www.radiomarket.fi\/en\/wp-json\/wp\/v2\/product\/54217"}],"collection":[{"href":"https:\/\/www.radiomarket.fi\/en\/wp-json\/wp\/v2\/product"}],"about":[{"href":"https:\/\/www.radiomarket.fi\/en\/wp-json\/wp\/v2\/types\/product"}],"wp:featuredmedia":[{"embeddable":true,"href":"https:\/\/www.radiomarket.fi\/en\/wp-json\/wp\/v2\/media\/54219"}],"wp:attachment":[{"href":"https:\/\/www.radiomarket.fi\/en\/wp-json\/wp\/v2\/media?parent=54217"}],"curies":[{"name":"wp","href":"https:\/\/api.w.org\/{rel}","templated":true}]}}