{"id":54337,"date":"2025-08-06T12:45:12","date_gmt":"2025-08-06T09:45:12","guid":{"rendered":"https:\/\/www.radiomarket.fi\/?post_type=product&#038;p=54337"},"modified":"2025-08-06T16:49:42","modified_gmt":"2025-08-06T13:49:42","slug":"ekum3589-ohmia-20x57-cm-cosmos-st-110-kaiutinelementti-ritilalla","status":"publish","type":"product","link":"https:\/\/www.radiomarket.fi\/en\/kohde\/ekum3589-ohmia-20x57-cm-cosmos-st-110-kaiutinelementti-ritilalla\/","title":{"rendered":"EKUM3589 &#8211; ohmia. 20&#215;57 cm Cosmos ST-110  kaiutinelementti ritil\u00e4ll\u00e4"},"content":{"rendered":"<p>P\u00e4\u00e4s\u00e4\u00e4nt\u00f6isesti k\u00e4ytettyj\u00e4 kaiutinelementtej\u00e4. EKUA15, EKUM10, EKUM12, EKUM14, EKUM28, EKUM34, EKUS12 ja LARS03 -alkuisilla tuotenumeroilla olevat kaiutinelementit on testattu yleismittarilla ja otsikossa mainittu impedanssi on mitattu. Mitattu impedanssi saattaa poiketa kaiuttimeen merkityst\u00e4 kuvassa n\u00e4kyv\u00e4st\u00e4 impedanssista. Kaiutinelementtej\u00e4 ei ole soittotestattu. Otsikossa mainitut mitat ovat elementin \u00e4\u00e4rimittoja tai halkaisija, tai joissain tapauksissa kaiuttimen kiinnityslevyn mittoja.<\/p><p>Syvyys on noin 70 mm.<\/p>","protected":false},"excerpt":{"rendered":"<p>P\u00e4\u00e4s\u00e4\u00e4nt\u00f6isesti k\u00e4ytettyj\u00e4 kaiutinelementtej\u00e4. EKUA15, EKUM10, EKUM12, EKUM14, EKUM28, EKUM34, EKUS12 ja LARS03 -alkuisilla tuotenumeroilla olevat kaiutinelementit on testattu yleismittarilla ja otsikossa mainittu impedanssi on mitattu. Mitattu impedanssi saattaa poiketa kaiuttimeen merkityst\u00e4 kuvassa n\u00e4kyv\u00e4st\u00e4 impedanssista. Kaiutinelementtej\u00e4 ei ole soittotestattu. Otsikossa mainitut mitat ovat elementin \u00e4\u00e4rimittoja tai halkaisija, tai joissain tapauksissa kaiuttimen kiinnityslevyn mittoja.Syvyys on noin 70 &hellip;<\/p>\n<p class=\"read-more\"> <a class=\"thunk-readmore button\" href=\"https:\/\/www.radiomarket.fi\/en\/kohde\/ekum3589-ohmia-20x57-cm-cosmos-st-110-kaiutinelementti-ritilalla\/\"> <span class=\"screen-reader-text\">EKUM3589 &#8211; ohmia. 20&#215;57 cm Cosmos ST-110  kaiutinelementti ritil\u00e4ll\u00e4<\/span>Read More<\/a><\/p>","protected":false},"featured_media":54339,"template":"","meta":[],"_links":{"self":[{"href":"https:\/\/www.radiomarket.fi\/en\/wp-json\/wp\/v2\/product\/54337"}],"collection":[{"href":"https:\/\/www.radiomarket.fi\/en\/wp-json\/wp\/v2\/product"}],"about":[{"href":"https:\/\/www.radiomarket.fi\/en\/wp-json\/wp\/v2\/types\/product"}],"wp:featuredmedia":[{"embeddable":true,"href":"https:\/\/www.radiomarket.fi\/en\/wp-json\/wp\/v2\/media\/54339"}],"wp:attachment":[{"href":"https:\/\/www.radiomarket.fi\/en\/wp-json\/wp\/v2\/media?parent=54337"}],"curies":[{"name":"wp","href":"https:\/\/api.w.org\/{rel}","templated":true}]}}