{"id":54523,"date":"2025-08-23T15:02:21","date_gmt":"2025-08-23T12:02:21","guid":{"rendered":"https:\/\/www.radiomarket.fi\/?post_type=product&#038;p=54523"},"modified":"2025-08-26T12:56:09","modified_gmt":"2025-08-26T09:56:09","slug":"ekum3888-ericsson-dac-1101","status":"publish","type":"product","link":"https:\/\/www.radiomarket.fi\/en\/kohde\/ekum3888-ericsson-dac-1101\/","title":{"rendered":"EKUM3888 Ericsson DAC 1101"},"content":{"rendered":"<p>Mustat metallikuoret, luuri ja puhelimen p\u00e4\u00e4ll\u00e4 sijaitseva rikkoutunut luurin kannake mustaa bakeliittia. Mukana johdon p\u00e4\u00e4ss\u00e4 musta metallirasia (lis\u00e4kello, jonka mitat 15x13x5 cm). Esineeseen on maalattu sen aiempi museoluettelointinumero RAPM1380.<\/p><div class=\"form-row cols-4\"><div class=\"form-row__col\"><div class=\"vue-app\" data-list-id=\"resource.measurementDimension\" data-v-app=\"\"><div class=\"d-flex flex-column\"><span class=\"multiselect__single\" data-id=\"leveys\">leveys<\/span><\/div><\/div><\/div><div class=\"form-row__col\">21<\/div><div class=\"form-row__col\"><div class=\"vue-app\" data-list-id=\"resource.unit\" data-v-app=\"\"><div class=\"d-flex flex-column\"><span class=\"multiselect__single\" data-id=\"cm\">cm<\/span><\/div><\/div><\/div><div class=\"form-row__col\">\u00a0<\/div><\/div><div class=\"form-row cols-4\"><div class=\"form-row__col\"><div class=\"vue-app\" data-list-id=\"resource.measurementDimension\" data-v-app=\"\"><div class=\"d-flex flex-column\"><span class=\"multiselect__single\" data-id=\"syvyys\">syvyys<\/span><\/div><\/div><\/div><div class=\"form-row__col\">15<\/div><div class=\"form-row__col\"><div class=\"vue-app\" data-list-id=\"resource.unit\" data-v-app=\"\"><div class=\"d-flex flex-column\"><span class=\"multiselect__single\" data-id=\"cm\">cm<\/span><\/div><\/div><\/div><div class=\"form-row__col\">\u00a0<\/div><\/div><div class=\"form-row cols-4\"><div class=\"form-row__col\"><div class=\"vue-app\" data-list-id=\"resource.measurementDimension\" data-v-app=\"\"><div class=\"d-flex flex-column\"><span class=\"multiselect__single\" data-id=\"korkeus\">korkeus<\/span><\/div><\/div><\/div><div class=\"form-row__col\">28<\/div><div class=\"form-row__col\"><div class=\"vue-app\" data-list-id=\"resource.unit\" data-v-app=\"\"><div class=\"d-flex flex-column\"><span class=\"multiselect__single\" data-id=\"cm\">cm<\/span><\/div><\/div><\/div><div class=\"form-row__col\">\u00a0<\/div><\/div>","protected":false},"excerpt":{"rendered":"<p>Mustat metallikuoret, luuri ja puhelimen p\u00e4\u00e4ll\u00e4 sijaitseva rikkoutunut luurin kannake mustaa bakeliittia. Mukana johdon p\u00e4\u00e4ss\u00e4 musta metallirasia (lis\u00e4kello, jonka mitat 15x13x5 cm). Esineeseen on maalattu sen aiempi museoluettelointinumero RAPM1380.leveys21cm\u00a0syvyys15cm\u00a0korkeus28cm\u00a0<\/p>","protected":false},"featured_media":54550,"template":"","meta":[],"_links":{"self":[{"href":"https:\/\/www.radiomarket.fi\/en\/wp-json\/wp\/v2\/product\/54523"}],"collection":[{"href":"https:\/\/www.radiomarket.fi\/en\/wp-json\/wp\/v2\/product"}],"about":[{"href":"https:\/\/www.radiomarket.fi\/en\/wp-json\/wp\/v2\/types\/product"}],"wp:featuredmedia":[{"embeddable":true,"href":"https:\/\/www.radiomarket.fi\/en\/wp-json\/wp\/v2\/media\/54550"}],"wp:attachment":[{"href":"https:\/\/www.radiomarket.fi\/en\/wp-json\/wp\/v2\/media?parent=54523"}],"curies":[{"name":"wp","href":"https:\/\/api.w.org\/{rel}","templated":true}]}}