{"id":54532,"date":"2025-08-25T10:58:41","date_gmt":"2025-08-25T07:58:41","guid":{"rendered":"https:\/\/www.radiomarket.fi\/?post_type=product&#038;p=54532"},"modified":"2025-08-27T17:06:13","modified_gmt":"2025-08-27T14:06:13","slug":"ekub0861-fagerhults-64630-cobra-belysia-valaisin-rantasipi-hotellista-tulossa","status":"publish","type":"product","link":"https:\/\/www.radiomarket.fi\/en\/kohde\/ekub0861-fagerhults-64630-cobra-belysia-valaisin-rantasipi-hotellista-tulossa\/","title":{"rendered":"EKUB0861 Fagerhults 64630 &#8220;Cobra&#8221; Belysia valaisin Rantasipi Joutsenlampi"},"content":{"rendered":"Toimiva ruotsalainen, virheet\u00f6n mutta selke\u00e4sti k\u00e4ytetty, valaisin Hotelli Rantasipist\u00e4 Saarij\u00e4rvelt\u00e4. T\u00e4m\u00e4 valaisin on vuoden 1975 mallia j\u00e4 k\u00e4ytetty vuodevalaisimena.\r\n\r\nT\u00e4m\u00e4n nimenomaisen Valaisimen historiaan Suomessa liittyy Keski-Suomen museon n\u00e4yttely 10.5.2025-4.1.2026 Rantasipi &#8211; tarinoita korpihotellien maailmasta.\r\n\r\nhttps:\/\/www.jyvaskyla.fi\/uutinen\/2025-04-30_rantasipi-tarinoita-korpihotellien-maailmasta-1052025-412026","protected":false},"excerpt":{"rendered":"<p>Toimiva ruotsalainen, virheet\u00f6n mutta selke\u00e4sti k\u00e4ytetty, valaisin Hotelli Rantasipist\u00e4 Saarij\u00e4rvelt\u00e4. T\u00e4m\u00e4 valaisin on vuoden 1975 mallia j\u00e4 k\u00e4ytetty vuodevalaisimena. T\u00e4m\u00e4n nimenomaisen Valaisimen historiaan Suomessa liittyy Keski-Suomen museon n\u00e4yttely 10.5.2025-4.1.2026 Rantasipi &#8211; tarinoita korpihotellien maailmasta. https:\/\/www.jyvaskyla.fi\/uutinen\/2025-04-30_rantasipi-tarinoita-korpihotellien-maailmasta-1052025-412026<\/p>","protected":false},"featured_media":54573,"template":"","meta":[],"_links":{"self":[{"href":"https:\/\/www.radiomarket.fi\/en\/wp-json\/wp\/v2\/product\/54532"}],"collection":[{"href":"https:\/\/www.radiomarket.fi\/en\/wp-json\/wp\/v2\/product"}],"about":[{"href":"https:\/\/www.radiomarket.fi\/en\/wp-json\/wp\/v2\/types\/product"}],"wp:featuredmedia":[{"embeddable":true,"href":"https:\/\/www.radiomarket.fi\/en\/wp-json\/wp\/v2\/media\/54573"}],"wp:attachment":[{"href":"https:\/\/www.radiomarket.fi\/en\/wp-json\/wp\/v2\/media?parent=54532"}],"curies":[{"name":"wp","href":"https:\/\/api.w.org\/{rel}","templated":true}]}}