{"id":54534,"date":"2025-08-25T11:12:06","date_gmt":"2025-08-25T08:12:06","guid":{"rendered":"https:\/\/www.radiomarket.fi\/?post_type=product&#038;p=54534"},"modified":"2025-08-27T17:18:28","modified_gmt":"2025-08-27T14:18:28","slug":"ekub0862-jonas-hidle-shoemakerserien-table-lamp-in-brass-by-hovik-lys-kunnostettavaksi-tulossa","status":"publish","type":"product","link":"https:\/\/www.radiomarket.fi\/en\/kohde\/ekub0862-jonas-hidle-shoemakerserien-table-lamp-in-brass-by-hovik-lys-kunnostettavaksi-tulossa\/","title":{"rendered":"EKUB0862 Jonas Hidle \u201cShoemakerserien\u201d Table Lamp In Brass, By H\u00f8vik Lys kunnostettavaksi"},"content":{"rendered":"Lommoton ja l\u00e4hes naarmuton design-valaisin kultaiselta 70-luvulta. T\u00e4m\u00e4 yksil\u00f6 on ollut k\u00e4yt\u00f6ss\u00e4 Hotelli Rantasipi Joutsenlammella Saarij\u00e4rvell\u00e4. T\u00e4m\u00e4 valaisin on sarjan isompi ravintolavalaisinmalli, korkeus noin 55 cm, kuvun halkaisija noin 40 cm. \r\n\r\nValaisimesta puuttuvat alkuper\u00e4inen kytkin ja pistoke. Ravintolak\u00e4yt\u00f6st\u00e4 on tullut patinaa, joka on mahdollisesti puhdistettavissa. Jalkalevyn kuvassa n\u00e4kyy autenttisia savukkeen j\u00e4lki\u00e4. Valaisinta ei ole yritetty puhdistaa tai kunnostaa.  \r\n\r\nT\u00e4m\u00e4n nimenomaisen valaisimen historiaan Suomessa liittyy Keski-Suomen museon n\u00e4yttely 10.5.2025-4.1.2026 Rantasipi &#8211; tarinoita korpihotellien maailmasta.\r\n\r\nhttps:\/\/www.jyvaskyla.fi\/uutinen\/2025-04-30_rantasipi-tarinoita-korpihotellien-maailmasta-1052025-412026","protected":false},"excerpt":{"rendered":"<p>Foreign customers, please contact for order and delivery price.<\/p>","protected":false},"featured_media":54576,"template":"","meta":[],"_links":{"self":[{"href":"https:\/\/www.radiomarket.fi\/en\/wp-json\/wp\/v2\/product\/54534"}],"collection":[{"href":"https:\/\/www.radiomarket.fi\/en\/wp-json\/wp\/v2\/product"}],"about":[{"href":"https:\/\/www.radiomarket.fi\/en\/wp-json\/wp\/v2\/types\/product"}],"wp:featuredmedia":[{"embeddable":true,"href":"https:\/\/www.radiomarket.fi\/en\/wp-json\/wp\/v2\/media\/54576"}],"wp:attachment":[{"href":"https:\/\/www.radiomarket.fi\/en\/wp-json\/wp\/v2\/media?parent=54534"}],"curies":[{"name":"wp","href":"https:\/\/api.w.org\/{rel}","templated":true}]}}