{"id":54586,"date":"2025-08-27T18:34:41","date_gmt":"2025-08-27T15:34:41","guid":{"rendered":"https:\/\/www.radiomarket.fi\/?post_type=product&#038;p=54586"},"modified":"2025-08-27T19:18:28","modified_gmt":"2025-08-27T16:18:28","slug":"ekub0869-lg-monitoritelevisio-19-hyvilla-liitannoilla","status":"publish","type":"product","link":"https:\/\/www.radiomarket.fi\/en\/kohde\/ekub0869-lg-monitoritelevisio-19-hyvilla-liitannoilla\/","title":{"rendered":"EKUB0869 LG monitoritelevisio 19&#8243; hyvill\u00e4 liit\u00e4nn\u00f6ill\u00e4"},"content":{"rendered":"48 cm n\u00e4ytt\u00f6televisio LG M197WDP Flatron. HD-n\u00e4ytt\u00f6 ilman sis\u00e4\u00e4nrakennettua HD-viritint\u00e4. Eli TV ei n\u00e4y nykyisell\u00e4 antennisignaalilla Suomessa. Ostettu ja valmistettu 2010. Vain v\u00e4h\u00e4n k\u00e4ytetty, ollut koko ajan Radiomuseon majoitushuoneissa. Mukana toimiva kaukos\u00e4\u00e4din LG AKB33871420. Laite toimii my\u00f6s ilman kaukos\u00e4\u00e4sint\u00e4 sen sivussa olevilla n\u00e4pp\u00e4imill\u00e4.","protected":false},"excerpt":{"rendered":"<p>48 cm n\u00e4ytt\u00f6televisio LG M197WDP Flatron. HD-n\u00e4ytt\u00f6 ilman sis\u00e4\u00e4nrakennettua HD-viritint\u00e4. Eli TV ei n\u00e4y nykyisell\u00e4 antennisignaalilla Suomessa. Ostettu ja valmistettu 2010. Vain v\u00e4h\u00e4n k\u00e4ytetty, ollut koko ajan Radiomuseon majoitushuoneissa. Mukana toimiva kaukos\u00e4\u00e4din LG AKB33871420. Laite toimii my\u00f6s ilman kaukos\u00e4\u00e4sint\u00e4 sen sivussa olevilla n\u00e4pp\u00e4imill\u00e4.<\/p>","protected":false},"featured_media":54592,"template":"","meta":[],"_links":{"self":[{"href":"https:\/\/www.radiomarket.fi\/en\/wp-json\/wp\/v2\/product\/54586"}],"collection":[{"href":"https:\/\/www.radiomarket.fi\/en\/wp-json\/wp\/v2\/product"}],"about":[{"href":"https:\/\/www.radiomarket.fi\/en\/wp-json\/wp\/v2\/types\/product"}],"wp:featuredmedia":[{"embeddable":true,"href":"https:\/\/www.radiomarket.fi\/en\/wp-json\/wp\/v2\/media\/54592"}],"wp:attachment":[{"href":"https:\/\/www.radiomarket.fi\/en\/wp-json\/wp\/v2\/media?parent=54586"}],"curies":[{"name":"wp","href":"https:\/\/api.w.org\/{rel}","templated":true}]}}