{"id":54667,"date":"2025-09-04T15:42:56","date_gmt":"2025-09-04T12:42:56","guid":{"rendered":"https:\/\/www.radiomarket.fi\/?post_type=product&#038;p=54667"},"modified":"2025-09-04T16:29:23","modified_gmt":"2025-09-04T13:29:23","slug":"ekum3891-paatykaiutinritila-celeston-cortina-helvar-traviata","status":"publish","type":"product","link":"https:\/\/www.radiomarket.fi\/en\/kohde\/ekum3891-paatykaiutinritila-celeston-cortina-helvar-traviata\/","title":{"rendered":"EKUM3891 P\u00e4\u00e4tykaiutinritil\u00e4 Celeston Cortina \/ Helvar Traviata"},"content":{"rendered":"<div class=\"form-row cols-4\"><div class=\"form-row__col\"><div class=\"vue-app\" data-list-id=\"resource.unit\" data-v-app=\"\"><div class=\"d-flex flex-column\">Mitat noin 185 x 260mm. Myyd\u00e4\u00e4n kappaleittain paremmuusj\u00e4rjestyksess\u00e4.<\/div><\/div><\/div><\/div><div>\u00a0<\/div>","protected":false},"excerpt":{"rendered":"<p>Mitat noin 185 x 260mm. Myyd\u00e4\u00e4n kappaleittain paremmuusj\u00e4rjestyksess\u00e4.\u00a0<\/p>","protected":false},"featured_media":54670,"template":"","meta":[],"_links":{"self":[{"href":"https:\/\/www.radiomarket.fi\/en\/wp-json\/wp\/v2\/product\/54667"}],"collection":[{"href":"https:\/\/www.radiomarket.fi\/en\/wp-json\/wp\/v2\/product"}],"about":[{"href":"https:\/\/www.radiomarket.fi\/en\/wp-json\/wp\/v2\/types\/product"}],"wp:featuredmedia":[{"embeddable":true,"href":"https:\/\/www.radiomarket.fi\/en\/wp-json\/wp\/v2\/media\/54670"}],"wp:attachment":[{"href":"https:\/\/www.radiomarket.fi\/en\/wp-json\/wp\/v2\/media?parent=54667"}],"curies":[{"name":"wp","href":"https:\/\/api.w.org\/{rel}","templated":true}]}}