{"id":54682,"date":"2025-09-07T17:57:57","date_gmt":"2025-09-07T14:57:57","guid":{"rendered":"https:\/\/www.radiomarket.fi\/?post_type=product&#038;p=54682"},"modified":"2025-09-16T12:50:41","modified_gmt":"2025-09-16T09:50:41","slug":"ekub0881-great-land-metsastysveitsi","status":"publish","type":"product","link":"https:\/\/www.radiomarket.fi\/en\/kohde\/ekub0881-great-land-metsastysveitsi\/","title":{"rendered":"EKUB0881 Great Land mets\u00e4stysveitsi"},"content":{"rendered":"<p>Kauhia ase Kiinasta viime vuosituhannelta, alkuper\u00e4inen terotus niin suorassa kuin sahater\u00e4ss\u00e4kin. L\u00e4hes k\u00e4ytt\u00e4m\u00e4t\u00f6n. Veitsi kotelossa kokonaispituus 35 cm, pelkk\u00e4 veitsi noin 32 cm.<\/p>","protected":false},"excerpt":{"rendered":"<p>Kauhia ase Kiinasta viime vuosituhannelta, alkuper\u00e4inen terotus niin suorassa kuin sahater\u00e4ss\u00e4kin. L\u00e4hes k\u00e4ytt\u00e4m\u00e4t\u00f6n. Veitsi kotelossa kokonaispituus 35 cm, pelkk\u00e4 veitsi noin 32 cm.<\/p>","protected":false},"featured_media":54686,"template":"","meta":[],"_links":{"self":[{"href":"https:\/\/www.radiomarket.fi\/en\/wp-json\/wp\/v2\/product\/54682"}],"collection":[{"href":"https:\/\/www.radiomarket.fi\/en\/wp-json\/wp\/v2\/product"}],"about":[{"href":"https:\/\/www.radiomarket.fi\/en\/wp-json\/wp\/v2\/types\/product"}],"wp:featuredmedia":[{"embeddable":true,"href":"https:\/\/www.radiomarket.fi\/en\/wp-json\/wp\/v2\/media\/54686"}],"wp:attachment":[{"href":"https:\/\/www.radiomarket.fi\/en\/wp-json\/wp\/v2\/media?parent=54682"}],"curies":[{"name":"wp","href":"https:\/\/api.w.org\/{rel}","templated":true}]}}