{"id":54729,"date":"2026-03-31T10:16:18","date_gmt":"2026-03-31T07:16:18","guid":{"rendered":"https:\/\/www.radiomarket.fi\/?post_type=product&#038;p=54729"},"modified":"2026-03-31T11:12:36","modified_gmt":"2026-03-31T08:12:36","slug":"ekub0888-neuvostoliiton-aselajimerkit-tulossa","status":"publish","type":"product","link":"https:\/\/www.radiomarket.fi\/en\/kohde\/ekub0888-neuvostoliiton-aselajimerkit-tulossa\/","title":{"rendered":"EKUB0888 Neuvostoliiton aselajimerkit katso kuvat"},"content":{"rendered":"<p>Ratkomme ja myymme sinulle haluamasi kangasmerkin. Vain ompeluj\u00e4ljet. Vain yksi kutakin, nelj\u00e4 j\u00e4ljell\u00e4. Ilmavoimat (myyty), tykist\u00f6, siltajoukot, rakennusjoukot, &#8220;Excellent Tanker&#8221; (\u041e\u0442\u043b\u0438\u0447\u043d\u044b\u0439 \u0442\u0430\u043d\u043a\u0438\u0441\u0442).<\/p>","protected":false},"excerpt":{"rendered":"<p>Kirjetoimitustuotteita kannattaa tilata kerralla useampikin, lis\u00e4tuote nostaa postikulua vain 10 snt tuotteelta. N\u00e4in tilanne joulukuussa 2025.<\/p>","protected":false},"featured_media":55761,"template":"","meta":[],"_links":{"self":[{"href":"https:\/\/www.radiomarket.fi\/en\/wp-json\/wp\/v2\/product\/54729"}],"collection":[{"href":"https:\/\/www.radiomarket.fi\/en\/wp-json\/wp\/v2\/product"}],"about":[{"href":"https:\/\/www.radiomarket.fi\/en\/wp-json\/wp\/v2\/types\/product"}],"wp:featuredmedia":[{"embeddable":true,"href":"https:\/\/www.radiomarket.fi\/en\/wp-json\/wp\/v2\/media\/55761"}],"wp:attachment":[{"href":"https:\/\/www.radiomarket.fi\/en\/wp-json\/wp\/v2\/media?parent=54729"}],"curies":[{"name":"wp","href":"https:\/\/api.w.org\/{rel}","templated":true}]}}