{"id":54733,"date":"2025-12-03T14:48:21","date_gmt":"2025-12-03T12:48:21","guid":{"rendered":"https:\/\/www.radiomarket.fi\/?post_type=product&#038;p=54733"},"modified":"2025-12-06T07:29:04","modified_gmt":"2025-12-06T05:29:04","slug":"ekub0888-neuvostoliiton-kokardit-puna-armeija-ja-lokakuun-rautatiet-ym-tulossa","status":"publish","type":"product","link":"https:\/\/www.radiomarket.fi\/en\/kohde\/ekub0888-neuvostoliiton-kokardit-puna-armeija-ja-lokakuun-rautatiet-ym-tulossa\/","title":{"rendered":"EKUB0889 Neuvostoliiton kokardit Puna-armeija ja Lokakuun Rautatiet ym. katso kuvat"},"content":{"rendered":"Irroitamme ja myymme sinulle haluamasi neukku- tai venkkupinssin. Juoksija-t\u00e4hdet mutterikiinnityksell\u00e4. Vain yksi kutakin, kerro mink\u00e4 haluat.","protected":false},"excerpt":{"rendered":"<p>Kirjetoimitustuotteita kannattaa tilata kerralla useampikin, lis\u00e4tuote nostaa postikulua vain 10 snt tuotteelta. N\u00e4in joulukuussa 2025.<\/p>","protected":false},"featured_media":55776,"template":"","meta":[],"_links":{"self":[{"href":"https:\/\/www.radiomarket.fi\/en\/wp-json\/wp\/v2\/product\/54733"}],"collection":[{"href":"https:\/\/www.radiomarket.fi\/en\/wp-json\/wp\/v2\/product"}],"about":[{"href":"https:\/\/www.radiomarket.fi\/en\/wp-json\/wp\/v2\/types\/product"}],"wp:featuredmedia":[{"embeddable":true,"href":"https:\/\/www.radiomarket.fi\/en\/wp-json\/wp\/v2\/media\/55776"}],"wp:attachment":[{"href":"https:\/\/www.radiomarket.fi\/en\/wp-json\/wp\/v2\/media?parent=54733"}],"curies":[{"name":"wp","href":"https:\/\/api.w.org\/{rel}","templated":true}]}}