{"id":54773,"date":"2025-09-13T12:19:11","date_gmt":"2025-09-13T09:19:11","guid":{"rendered":"https:\/\/www.radiomarket.fi\/?post_type=product&#038;p=54773"},"modified":"2025-09-13T12:27:21","modified_gmt":"2025-09-13T09:27:21","slug":"ekum4033-finlux","status":"publish","type":"product","link":"https:\/\/www.radiomarket.fi\/en\/kohde\/ekum4033-finlux\/","title":{"rendered":"EKUM4033 FINLUX"},"content":{"rendered":"<p>Paristokotelon luukku tallessa. Testattu 9\/2025, l\u00e4hett\u00e4\u00e4. Paristot eiv\u00e4t sis\u00e4lly kauppaan.\u00a0<\/p>","protected":false},"excerpt":{"rendered":"<p>Paristokotelon luukku tallessa. Testattu 9\/2025, l\u00e4hett\u00e4\u00e4. Paristot eiv\u00e4t sis\u00e4lly kauppaan.\u00a0<\/p>","protected":false},"featured_media":54778,"template":"","meta":[],"_links":{"self":[{"href":"https:\/\/www.radiomarket.fi\/en\/wp-json\/wp\/v2\/product\/54773"}],"collection":[{"href":"https:\/\/www.radiomarket.fi\/en\/wp-json\/wp\/v2\/product"}],"about":[{"href":"https:\/\/www.radiomarket.fi\/en\/wp-json\/wp\/v2\/types\/product"}],"wp:featuredmedia":[{"embeddable":true,"href":"https:\/\/www.radiomarket.fi\/en\/wp-json\/wp\/v2\/media\/54778"}],"wp:attachment":[{"href":"https:\/\/www.radiomarket.fi\/en\/wp-json\/wp\/v2\/media?parent=54773"}],"curies":[{"name":"wp","href":"https:\/\/api.w.org\/{rel}","templated":true}]}}