{"id":54801,"date":"2025-09-13T13:43:40","date_gmt":"2025-09-13T10:43:40","guid":{"rendered":"https:\/\/www.radiomarket.fi\/?post_type=product&#038;p=54801"},"modified":"2025-09-13T13:50:20","modified_gmt":"2025-09-13T10:50:20","slug":"ekum4038-samsung","status":"publish","type":"product","link":"https:\/\/www.radiomarket.fi\/en\/kohde\/ekum4038-samsung\/","title":{"rendered":"EKUM4038 SAMSUNG"},"content":{"rendered":"<p>Paristokotelon luukku tallessa. Testattu 9\/2025 l\u00e4hett\u00e4\u00e4. Paristot eiv\u00e4t sis\u00e4lly kauppaan.\u00a0<\/p>","protected":false},"excerpt":{"rendered":"<p>Paristokotelon luukku tallessa. Testattu 9\/2025 l\u00e4hett\u00e4\u00e4. Paristot eiv\u00e4t sis\u00e4lly kauppaan.\u00a0<\/p>","protected":false},"featured_media":54803,"template":"","meta":[],"_links":{"self":[{"href":"https:\/\/www.radiomarket.fi\/en\/wp-json\/wp\/v2\/product\/54801"}],"collection":[{"href":"https:\/\/www.radiomarket.fi\/en\/wp-json\/wp\/v2\/product"}],"about":[{"href":"https:\/\/www.radiomarket.fi\/en\/wp-json\/wp\/v2\/types\/product"}],"wp:featuredmedia":[{"embeddable":true,"href":"https:\/\/www.radiomarket.fi\/en\/wp-json\/wp\/v2\/media\/54803"}],"wp:attachment":[{"href":"https:\/\/www.radiomarket.fi\/en\/wp-json\/wp\/v2\/media?parent=54801"}],"curies":[{"name":"wp","href":"https:\/\/api.w.org\/{rel}","templated":true}]}}