{"id":54855,"date":"2025-09-14T19:39:05","date_gmt":"2025-09-14T16:39:05","guid":{"rendered":"https:\/\/www.radiomarket.fi\/?post_type=product&#038;p=54855"},"modified":"2025-09-14T19:57:47","modified_gmt":"2025-09-14T16:57:47","slug":"ekub0886-sa-viestimiehen-hihakilpi","status":"publish","type":"product","link":"https:\/\/www.radiomarket.fi\/en\/kohde\/ekub0886-sa-viestimiehen-hihakilpi\/","title":{"rendered":"EKUB0886 SA Viestimiehen hihakilpi"},"content":{"rendered":"Ensin myyd\u00e4\u00e4n k\u00e4ytt\u00e4m\u00e4tt\u00f6m\u00e4t kankaiset joukko-osastokilvet, viimeisen\u00e4 kaksi mahdollisesti ommeltuna ollutta.","protected":false},"excerpt":{"rendered":"<p>Kirjetoimitustuotteita kannattaa tilata kerralla useampikin, lis\u00e4tuote nostaa postikulua vain 10 snt tuotteelta. N\u00e4in tilanne syyskuussa 2025.<\/p>","protected":false},"featured_media":54856,"template":"","meta":[],"_links":{"self":[{"href":"https:\/\/www.radiomarket.fi\/en\/wp-json\/wp\/v2\/product\/54855"}],"collection":[{"href":"https:\/\/www.radiomarket.fi\/en\/wp-json\/wp\/v2\/product"}],"about":[{"href":"https:\/\/www.radiomarket.fi\/en\/wp-json\/wp\/v2\/types\/product"}],"wp:featuredmedia":[{"embeddable":true,"href":"https:\/\/www.radiomarket.fi\/en\/wp-json\/wp\/v2\/media\/54856"}],"wp:attachment":[{"href":"https:\/\/www.radiomarket.fi\/en\/wp-json\/wp\/v2\/media?parent=54855"}],"curies":[{"name":"wp","href":"https:\/\/api.w.org\/{rel}","templated":true}]}}