{"id":54864,"date":"2025-09-16T13:19:13","date_gmt":"2025-09-16T10:19:13","guid":{"rendered":"https:\/\/www.radiomarket.fi\/?post_type=product&#038;p=54864"},"modified":"2025-09-17T02:34:54","modified_gmt":"2025-09-16T23:34:54","slug":"ekub0885-united-nations-ykn-rauhanturvaajamerkki","status":"publish","type":"product","link":"https:\/\/www.radiomarket.fi\/en\/kohde\/ekub0885-united-nations-ykn-rauhanturvaajamerkki\/","title":{"rendered":"EKUB0885 United Nations YK:n rauhanturvaajamerkki"},"content":{"rendered":"K\u00e4ytt\u00e4m\u00e4t\u00f6n brodeerattu merkki, pient\u00e4 v\u00e4rivirhett\u00e4 s\u00e4ilytyksest\u00e4 SA:lla. 1960-70-luku? Halkaisija 72 mm.","protected":false},"excerpt":{"rendered":"<p>Kirjetoimitustuotteita kannattaa tilata kerralla useampikin, lis\u00e4tuote nostaa postikulua vain 10 snt tuotteelta. N\u00e4in tilanne syyskuussa 2025.<\/p>","protected":false},"featured_media":54873,"template":"","meta":[],"_links":{"self":[{"href":"https:\/\/www.radiomarket.fi\/en\/wp-json\/wp\/v2\/product\/54864"}],"collection":[{"href":"https:\/\/www.radiomarket.fi\/en\/wp-json\/wp\/v2\/product"}],"about":[{"href":"https:\/\/www.radiomarket.fi\/en\/wp-json\/wp\/v2\/types\/product"}],"wp:featuredmedia":[{"embeddable":true,"href":"https:\/\/www.radiomarket.fi\/en\/wp-json\/wp\/v2\/media\/54873"}],"wp:attachment":[{"href":"https:\/\/www.radiomarket.fi\/en\/wp-json\/wp\/v2\/media?parent=54864"}],"curies":[{"name":"wp","href":"https:\/\/api.w.org\/{rel}","templated":true}]}}