{"id":54868,"date":"2025-10-01T14:49:13","date_gmt":"2025-10-01T11:49:13","guid":{"rendered":"https:\/\/www.radiomarket.fi\/?post_type=product&#038;p=54868"},"modified":"2026-01-13T09:14:35","modified_gmt":"2026-01-13T07:14:35","slug":"ekub0893-philips-n23-tulossa","status":"publish","type":"product","link":"https:\/\/www.radiomarket.fi\/en\/kohde\/ekub0893-philips-n23-tulossa\/","title":{"rendered":"EKUB0893 Philips N2543 C-kasettidekki toimii k\u00e4ytetty"},"content":{"rendered":"<p>Kaksi painiketta katkennut, toinen S-mittari ei palaudu nolla-asentoon. Testattu kuulokeliit\u00e4nn\u00e4st\u00e4 ja toimivaksi todettu.<\/p>","protected":false},"excerpt":{"rendered":"<p>Kaksi painiketta katkennut, toinen S-mittari ei palaudu nolla-asentoon. Testattu kuulokeliit\u00e4nn\u00e4st\u00e4 ja toimivaksi todettu.<\/p>","protected":false},"featured_media":55042,"template":"","meta":[],"_links":{"self":[{"href":"https:\/\/www.radiomarket.fi\/en\/wp-json\/wp\/v2\/product\/54868"}],"collection":[{"href":"https:\/\/www.radiomarket.fi\/en\/wp-json\/wp\/v2\/product"}],"about":[{"href":"https:\/\/www.radiomarket.fi\/en\/wp-json\/wp\/v2\/types\/product"}],"wp:featuredmedia":[{"embeddable":true,"href":"https:\/\/www.radiomarket.fi\/en\/wp-json\/wp\/v2\/media\/55042"}],"wp:attachment":[{"href":"https:\/\/www.radiomarket.fi\/en\/wp-json\/wp\/v2\/media?parent=54868"}],"curies":[{"name":"wp","href":"https:\/\/api.w.org\/{rel}","templated":true}]}}