{"id":54902,"date":"2025-09-19T06:13:00","date_gmt":"2025-09-19T03:13:00","guid":{"rendered":"https:\/\/www.radiomarket.fi\/?post_type=product&#038;p=54902"},"modified":"2025-10-28T15:40:48","modified_gmt":"2025-10-28T13:40:48","slug":"ekum3894-bo-beovision-mx-5500-type-nr-3261-mdt-sw-2-2s-tulossa","status":"publish","type":"product","link":"https:\/\/www.radiomarket.fi\/en\/kohde\/ekum3894-bo-beovision-mx-5500-type-nr-3261-mdt-sw-2-2s-tulossa\/","title":{"rendered":"EKUM3894 B&amp;O Beovision MX-5500 Type Nr 3261 MDT SW 2.2S"},"content":{"rendered":"<div class=\"form-row cols-4\"><div class=\"form-row__col\"><div class=\"vue-app\" data-list-id=\"resource.unit\" data-v-app=\"\"><div class=\"d-flex flex-column\">Tanskalainen designtelevisio vuodelta 1989. Tyyppinumerosta p\u00e4\u00e4tellen mallinumero on MX-5500, mutta t\u00e4st\u00e4 ei ole t\u00e4ytt\u00e4 varmuutta.<\/div><\/div><\/div><\/div>","protected":false},"excerpt":{"rendered":"<p>Tanskalainen designtelevisio vuodelta 1989. Tyyppinumerosta p\u00e4\u00e4tellen mallinumero on MX-5500, mutta t\u00e4st\u00e4 ei ole t\u00e4ytt\u00e4 varmuutta.<\/p>","protected":false},"featured_media":55330,"template":"","meta":[],"_links":{"self":[{"href":"https:\/\/www.radiomarket.fi\/en\/wp-json\/wp\/v2\/product\/54902"}],"collection":[{"href":"https:\/\/www.radiomarket.fi\/en\/wp-json\/wp\/v2\/product"}],"about":[{"href":"https:\/\/www.radiomarket.fi\/en\/wp-json\/wp\/v2\/types\/product"}],"wp:featuredmedia":[{"embeddable":true,"href":"https:\/\/www.radiomarket.fi\/en\/wp-json\/wp\/v2\/media\/55330"}],"wp:attachment":[{"href":"https:\/\/www.radiomarket.fi\/en\/wp-json\/wp\/v2\/media?parent=54902"}],"curies":[{"name":"wp","href":"https:\/\/api.w.org\/{rel}","templated":true}]}}