{"id":54973,"date":"2025-09-28T12:03:22","date_gmt":"2025-09-28T09:03:22","guid":{"rendered":"https:\/\/www.radiomarket.fi\/?post_type=product&#038;p=54973"},"modified":"2025-09-29T18:42:43","modified_gmt":"2025-09-29T15:42:43","slug":"ekub0895-joint-resolve-2025-nato-harjoitus-muistopullo","status":"publish","type":"product","link":"https:\/\/www.radiomarket.fi\/en\/kohde\/ekub0895-joint-resolve-2025-nato-harjoitus-muistopullo\/","title":{"rendered":"EKUB0895 Joint resolve 2025 Tartu Nato-harjoitus &#8211; muistopullo"},"content":{"rendered":"T\u00e4m\u00e4n p\u00e4iv\u00e4n historiaa, korkissa pieni lommo ja maalissa pieni\u00e4 virheit\u00e4, katso kuvat.\r\n\r\nhttps:\/\/www.baltdefcol.org\/news\/combined-joint-staff-exercise-joint-resolve-2025-has-started","protected":false},"excerpt":{"rendered":"<p>T\u00e4m\u00e4n p\u00e4iv\u00e4n historiaa, korkissa pieni lommo ja maalissa pieni\u00e4 virheit\u00e4, katso kuvat. https:\/\/www.baltdefcol.org\/news\/combined-joint-staff-exercise-joint-resolve-2025-has-started<\/p>","protected":false},"featured_media":54974,"template":"","meta":[],"_links":{"self":[{"href":"https:\/\/www.radiomarket.fi\/en\/wp-json\/wp\/v2\/product\/54973"}],"collection":[{"href":"https:\/\/www.radiomarket.fi\/en\/wp-json\/wp\/v2\/product"}],"about":[{"href":"https:\/\/www.radiomarket.fi\/en\/wp-json\/wp\/v2\/types\/product"}],"wp:featuredmedia":[{"embeddable":true,"href":"https:\/\/www.radiomarket.fi\/en\/wp-json\/wp\/v2\/media\/54974"}],"wp:attachment":[{"href":"https:\/\/www.radiomarket.fi\/en\/wp-json\/wp\/v2\/media?parent=54973"}],"curies":[{"name":"wp","href":"https:\/\/api.w.org\/{rel}","templated":true}]}}