{"id":54982,"date":"2025-09-29T13:30:42","date_gmt":"2025-09-29T10:30:42","guid":{"rendered":"https:\/\/www.radiomarket.fi\/?post_type=product&#038;p=54982"},"modified":"2025-09-29T18:38:12","modified_gmt":"2025-09-29T15:38:12","slug":"ekub0896-sa-numerostanssit","status":"publish","type":"product","link":"https:\/\/www.radiomarket.fi\/en\/kohde\/ekub0896-sa-numerostanssit\/","title":{"rendered":"EKUB0896 SA numeromeistit"},"content":{"rendered":"Mahdollisesti jo 1920-luvulla k\u00e4yt\u00f6ss\u00e4 olleet numeromeistit. J\u00e4ljell\u00e4 10 mm korkeat numerot 2, 3, 5, 6, 7, ja 8, pituus 75 mm. Numero 2, 8 mm korkea pituus 95 mm. Ilmoita mitk\u00e4 meistit haluat tilata, hinta yhdelt\u00e4. Alkuper\u00e4 suomalaisen aseker\u00e4ilij\u00e4n\/asesep\u00e4n kuolinpes\u00e4.","protected":false},"excerpt":{"rendered":"<p>Kirjetoimitustuotteita kannattaa tilata kerralla useampikin, lis\u00e4tuote nostaa postikulua vain 10 snt tuotteelta. N\u00e4in tilanne syyskuussa 2025.<\/p>","protected":false},"featured_media":55010,"template":"","meta":[],"_links":{"self":[{"href":"https:\/\/www.radiomarket.fi\/en\/wp-json\/wp\/v2\/product\/54982"}],"collection":[{"href":"https:\/\/www.radiomarket.fi\/en\/wp-json\/wp\/v2\/product"}],"about":[{"href":"https:\/\/www.radiomarket.fi\/en\/wp-json\/wp\/v2\/types\/product"}],"wp:featuredmedia":[{"embeddable":true,"href":"https:\/\/www.radiomarket.fi\/en\/wp-json\/wp\/v2\/media\/55010"}],"wp:attachment":[{"href":"https:\/\/www.radiomarket.fi\/en\/wp-json\/wp\/v2\/media?parent=54982"}],"curies":[{"name":"wp","href":"https:\/\/api.w.org\/{rel}","templated":true}]}}