{"id":54998,"date":"2025-09-29T17:03:37","date_gmt":"2025-09-29T14:03:37","guid":{"rendered":"https:\/\/www.radiomarket.fi\/?post_type=product&#038;p=54998"},"modified":"2025-10-03T16:53:32","modified_gmt":"2025-10-03T13:53:32","slug":"ekum3896-asa-843","status":"publish","type":"product","link":"https:\/\/www.radiomarket.fi\/en\/kohde\/ekum3896-asa-843\/","title":{"rendered":"EKUM3896 ASA 843"},"content":{"rendered":"<p>Myyd\u00e4\u00e4n ilman putkia t\u00e4h\u00e4n hintaan. Koneisto irrallaan.<\/p><p>&nbsp;<\/p><p><strong>Ainakin seuraavat osat puuttuvat tai ovat viallisia:<\/strong><br \/><br \/>Ei putkia (kuvissa olevat poistamme ennen myynti\u00e4, tiedustele hintaa putkien kera).<br \/>Oikeanpuoleinen pikkunuppi murtunut (myyty varaosaksi kuvien oton j\u00e4lkeen), vasemmanpuolinen nuppi puuttuu.<br \/>Verkkojohto katkaistu.<br \/>Koneiston pohjaruuvit puuttuvat.<br \/>Takalevyn kiinnitysruuvit puuttuvat.<br \/><br \/>Voi olla purettu muitakin osia tai olla muita puutteita. Varmista tietojen oikeellisuus myyj\u00e4lt\u00e4. Ei tutkittu tarkemmin.<\/p>","protected":false},"excerpt":{"rendered":"<p>Suosittelemme s\u00e4rkyv\u00e4-lis\u00e4palvelua t\u00e4m\u00e4n tuotekategorian tuotteille (ostettavissa erillisen\u00e4 tuotteena).<\/p>","protected":false},"featured_media":55004,"template":"","meta":[],"_links":{"self":[{"href":"https:\/\/www.radiomarket.fi\/en\/wp-json\/wp\/v2\/product\/54998"}],"collection":[{"href":"https:\/\/www.radiomarket.fi\/en\/wp-json\/wp\/v2\/product"}],"about":[{"href":"https:\/\/www.radiomarket.fi\/en\/wp-json\/wp\/v2\/types\/product"}],"wp:featuredmedia":[{"embeddable":true,"href":"https:\/\/www.radiomarket.fi\/en\/wp-json\/wp\/v2\/media\/55004"}],"wp:attachment":[{"href":"https:\/\/www.radiomarket.fi\/en\/wp-json\/wp\/v2\/media?parent=54998"}],"curies":[{"name":"wp","href":"https:\/\/api.w.org\/{rel}","templated":true}]}}