{"id":55069,"date":"2025-10-03T14:42:57","date_gmt":"2025-10-03T11:42:57","guid":{"rendered":"https:\/\/www.radiomarket.fi\/?post_type=product&#038;p=55069"},"modified":"2025-10-03T15:12:01","modified_gmt":"2025-10-03T12:12:01","slug":"ekum2591-philips-535u-multi-inductance","status":"publish","type":"product","link":"https:\/\/www.radiomarket.fi\/en\/kohde\/ekum2591-philips-535u-multi-inductance\/","title":{"rendered":"EKUM2591 Philips 535U Multi Inductance"},"content":{"rendered":"<p>Harvinaisempi malli C-sarjan putkilla. Kaikki osat on, kunnostettavissa oleva yksil\u00f6. Ruotsinkielisen kilven p\u00e4\u00e4ll\u00e4 Multi-Inductance -teksti. Huonopintainen kotelo.<\/p><p>R\u00f6hrenradio. Ei testattu, ei tutkittu tarkemmin.<\/p>","protected":false},"excerpt":{"rendered":"<p>Harvinaisempi malli C-sarjan putkilla. Kaikki osat on, kunnostettavissa oleva yksil\u00f6. Ruotsinkielisen kilven p\u00e4\u00e4ll\u00e4 Multi-Inductance -teksti. Huonopintainen kotelo.R\u00f6hrenradio. Ei testattu, ei tutkittu tarkemmin.<\/p>","protected":false},"featured_media":55075,"template":"","meta":[],"_links":{"self":[{"href":"https:\/\/www.radiomarket.fi\/en\/wp-json\/wp\/v2\/product\/55069"}],"collection":[{"href":"https:\/\/www.radiomarket.fi\/en\/wp-json\/wp\/v2\/product"}],"about":[{"href":"https:\/\/www.radiomarket.fi\/en\/wp-json\/wp\/v2\/types\/product"}],"wp:featuredmedia":[{"embeddable":true,"href":"https:\/\/www.radiomarket.fi\/en\/wp-json\/wp\/v2\/media\/55075"}],"wp:attachment":[{"href":"https:\/\/www.radiomarket.fi\/en\/wp-json\/wp\/v2\/media?parent=55069"}],"curies":[{"name":"wp","href":"https:\/\/api.w.org\/{rel}","templated":true}]}}