{"id":55080,"date":"2025-10-03T16:44:29","date_gmt":"2025-10-03T13:44:29","guid":{"rendered":"https:\/\/www.radiomarket.fi\/?post_type=product&#038;p=55080"},"modified":"2025-10-03T16:58:19","modified_gmt":"2025-10-03T13:58:19","slug":"ekub090-kenwood-mc-80-poytamikrofoni-kaytetty","status":"publish","type":"product","link":"https:\/\/www.radiomarket.fi\/en\/kohde\/ekub090-kenwood-mc-80-poytamikrofoni-kaytetty\/","title":{"rendered":"EKUB0902 Kenwood MC-80 p\u00f6yt\u00e4mikrofoni k\u00e4ytetty"},"content":{"rendered":"Ei testattu. Kuolinpes\u00e4n k\u00e4yt\u00f6st\u00e4 purettu. Kaulaa teipattu.","protected":false},"excerpt":{"rendered":"<p>Ei testattu. Kuolinpes\u00e4n k\u00e4yt\u00f6st\u00e4 purettu. Kaulaa teipattu.<\/p>","protected":false},"featured_media":55084,"template":"","meta":[],"_links":{"self":[{"href":"https:\/\/www.radiomarket.fi\/en\/wp-json\/wp\/v2\/product\/55080"}],"collection":[{"href":"https:\/\/www.radiomarket.fi\/en\/wp-json\/wp\/v2\/product"}],"about":[{"href":"https:\/\/www.radiomarket.fi\/en\/wp-json\/wp\/v2\/types\/product"}],"wp:featuredmedia":[{"embeddable":true,"href":"https:\/\/www.radiomarket.fi\/en\/wp-json\/wp\/v2\/media\/55084"}],"wp:attachment":[{"href":"https:\/\/www.radiomarket.fi\/en\/wp-json\/wp\/v2\/media?parent=55080"}],"curies":[{"name":"wp","href":"https:\/\/api.w.org\/{rel}","templated":true}]}}