{"id":55144,"date":"2025-10-04T18:45:53","date_gmt":"2025-10-04T15:45:53","guid":{"rendered":"https:\/\/www.radiomarket.fi\/?post_type=product&#038;p=55144"},"modified":"2025-10-04T18:54:25","modified_gmt":"2025-10-04T15:54:25","slug":"ekub0909-diamond-nr-770r-dualband-antenni-kaytetty","status":"publish","type":"product","link":"https:\/\/www.radiomarket.fi\/en\/kohde\/ekub0909-diamond-nr-770r-dualband-antenni-kaytetty\/","title":{"rendered":"EKUB0909 Diamond NR-770R dualband-antenni k\u00e4ytetty"},"content":{"rendered":"K\u00e4ytetty 2m \/ 70cm autoantenni 145 \/ 434 MHz, pituus n. 1m, tehonkesto 200W. Aikansa suosituin dualband-antenni. Aito japanilainen. Toimitetaan purettuna kahteen osaan, ostaja kirist\u00e4k\u00f6\u00f6n itse omalla kuusioavaimellaan kuusioruuvit antennia kootessaan. SO259 alias UHF-liitin.","protected":false},"excerpt":{"rendered":"<p>K\u00e4ytetty 2m \/ 70cm autoantenni 145 \/ 434 MHz, pituus n. 1m, tehonkesto 200W. Aikansa suosituin dualband-antenni. Aito japanilainen. Toimitetaan purettuna kahteen osaan, ostaja kirist\u00e4k\u00f6\u00f6n itse omalla kuusioavaimellaan kuusioruuvit antennia kootessaan. SO259 alias UHF-liitin.<\/p>","protected":false},"featured_media":55146,"template":"","meta":[],"_links":{"self":[{"href":"https:\/\/www.radiomarket.fi\/en\/wp-json\/wp\/v2\/product\/55144"}],"collection":[{"href":"https:\/\/www.radiomarket.fi\/en\/wp-json\/wp\/v2\/product"}],"about":[{"href":"https:\/\/www.radiomarket.fi\/en\/wp-json\/wp\/v2\/types\/product"}],"wp:featuredmedia":[{"embeddable":true,"href":"https:\/\/www.radiomarket.fi\/en\/wp-json\/wp\/v2\/media\/55146"}],"wp:attachment":[{"href":"https:\/\/www.radiomarket.fi\/en\/wp-json\/wp\/v2\/media?parent=55144"}],"curies":[{"name":"wp","href":"https:\/\/api.w.org\/{rel}","templated":true}]}}