{"id":55217,"date":"2025-10-13T14:44:38","date_gmt":"2025-10-13T11:44:38","guid":{"rendered":"https:\/\/www.radiomarket.fi\/?post_type=product&#038;p=55217"},"modified":"2025-10-25T13:51:30","modified_gmt":"2025-10-25T10:51:30","slug":"ekub0919-dipolin-impedanssisovitin-ite","status":"publish","type":"product","link":"https:\/\/www.radiomarket.fi\/en\/kohde\/ekub0919-dipolin-impedanssisovitin-ite\/","title":{"rendered":"EKUB0919 Dipolin impedanssisovitin ITE"},"content":{"rendered":"K\u00e4yt\u00f6ss\u00e4 ollut, vaatii ainakin uudelleen tiivist\u00e4misen jos otetaan sellaisenaan jatkuvaan k\u00e4ytt\u00f6\u00f6n.","protected":false},"excerpt":{"rendered":"<p>K\u00e4yt\u00f6ss\u00e4 ollut, vaatii ainakin uudelleen tiivist\u00e4misen jos otetaan sellaisenaan jatkuvaan k\u00e4ytt\u00f6\u00f6n.<\/p>","protected":false},"featured_media":55220,"template":"","meta":[],"_links":{"self":[{"href":"https:\/\/www.radiomarket.fi\/en\/wp-json\/wp\/v2\/product\/55217"}],"collection":[{"href":"https:\/\/www.radiomarket.fi\/en\/wp-json\/wp\/v2\/product"}],"about":[{"href":"https:\/\/www.radiomarket.fi\/en\/wp-json\/wp\/v2\/types\/product"}],"wp:featuredmedia":[{"embeddable":true,"href":"https:\/\/www.radiomarket.fi\/en\/wp-json\/wp\/v2\/media\/55220"}],"wp:attachment":[{"href":"https:\/\/www.radiomarket.fi\/en\/wp-json\/wp\/v2\/media?parent=55217"}],"curies":[{"name":"wp","href":"https:\/\/api.w.org\/{rel}","templated":true}]}}