{"id":55378,"date":"2025-10-21T15:23:38","date_gmt":"2025-10-21T12:23:38","guid":{"rendered":"https:\/\/www.radiomarket.fi\/?post_type=product&#038;p=55378"},"modified":"2025-11-07T14:40:13","modified_gmt":"2025-11-07T12:40:13","slug":"ekus0246-philips-400a-bakeliittikuorinen-putkiradio","status":"publish","type":"product","link":"https:\/\/www.radiomarket.fi\/en\/kohde\/ekus0246-philips-400a-bakeliittikuorinen-putkiradio\/","title":{"rendered":"EKUS0246 Philips 400A bakeliittikuorinen putkiradio"},"content":{"rendered":"<p>Nuppeja mukana irrallisena pahvimukissa. Etukaiutinelementti voi olla vaihdettu, ei vaikuta kuvien perusteella alkuper\u00e4iselt\u00e4. Kuvassa n\u00e4kyv\u00e4t putket paikallaan. Voidaan myyd\u00e4 ilman putkia eri hintaan, tai osina. Bakeliittikotelosta ei vaikuta puuttuvat paloja.<\/p><p>&nbsp;<\/p><p><strong>Ainakin seuraavat osat puuttuvat tai ovat viallisia:<\/strong><br \/><br \/>Ei takalevy\u00e4.<br \/><br \/>Meille tullessaan kuvien mukainen. Voi olla purettu muitakin osia tai olla muita puutteita. Varmista tietojen oikeellisuus myyj\u00e4lt\u00e4. Ei tutkittu tarkemmin.<\/p>","protected":false},"excerpt":{"rendered":"<p>Nuppeja mukana irrallisena pahvimukissa. Etukaiutinelementti voi olla vaihdettu, ei vaikuta kuvien perusteella alkuper\u00e4iselt\u00e4. Kuvassa n\u00e4kyv\u00e4t putket paikallaan. Voidaan myyd\u00e4 ilman putkia eri hintaan, tai osina. Bakeliittikotelosta ei vaikuta puuttuvat paloja.&nbsp;Ainakin seuraavat osat puuttuvat tai ovat viallisia:Ei takalevy\u00e4.Meille tullessaan kuvien mukainen. Voi olla purettu muitakin osia tai olla muita puutteita. Varmista tietojen oikeellisuus myyj\u00e4lt\u00e4. Ei tutkittu &hellip;<\/p>\n<p class=\"read-more\"> <a class=\"thunk-readmore button\" href=\"https:\/\/www.radiomarket.fi\/en\/kohde\/ekus0246-philips-400a-bakeliittikuorinen-putkiradio\/\"> <span class=\"screen-reader-text\">EKUS0246 Philips 400A bakeliittikuorinen putkiradio<\/span>Read More<\/a><\/p>","protected":false},"featured_media":55382,"template":"","meta":[],"_links":{"self":[{"href":"https:\/\/www.radiomarket.fi\/en\/wp-json\/wp\/v2\/product\/55378"}],"collection":[{"href":"https:\/\/www.radiomarket.fi\/en\/wp-json\/wp\/v2\/product"}],"about":[{"href":"https:\/\/www.radiomarket.fi\/en\/wp-json\/wp\/v2\/types\/product"}],"wp:featuredmedia":[{"embeddable":true,"href":"https:\/\/www.radiomarket.fi\/en\/wp-json\/wp\/v2\/media\/55382"}],"wp:attachment":[{"href":"https:\/\/www.radiomarket.fi\/en\/wp-json\/wp\/v2\/media?parent=55378"}],"curies":[{"name":"wp","href":"https:\/\/api.w.org\/{rel}","templated":true}]}}