{"id":55385,"date":"2025-10-22T09:25:07","date_gmt":"2025-10-22T06:25:07","guid":{"rendered":"https:\/\/www.radiomarket.fi\/?post_type=product&#038;p=55385"},"modified":"2025-10-25T13:46:02","modified_gmt":"2025-10-25T10:46:02","slug":"ekub0923-korg-nanokey2-koskettimisto","status":"publish","type":"product","link":"https:\/\/www.radiomarket.fi\/en\/kohde\/ekub0923-korg-nanokey2-koskettimisto\/","title":{"rendered":"EKUB0923 Korg nanokey2 koskettimisto"},"content":{"rendered":"Tietokone tunnistaa t\u00e4m\u00e4n k\u00e4ytetyn USB-koskettimiston. Ei testattu enemp\u00e4\u00e4.","protected":false},"excerpt":{"rendered":"<p>Tietokone tunnistaa t\u00e4m\u00e4n k\u00e4ytetyn USB-koskettimiston. Ei testattu enemp\u00e4\u00e4.<\/p>","protected":false},"featured_media":55386,"template":"","meta":[],"_links":{"self":[{"href":"https:\/\/www.radiomarket.fi\/en\/wp-json\/wp\/v2\/product\/55385"}],"collection":[{"href":"https:\/\/www.radiomarket.fi\/en\/wp-json\/wp\/v2\/product"}],"about":[{"href":"https:\/\/www.radiomarket.fi\/en\/wp-json\/wp\/v2\/types\/product"}],"wp:featuredmedia":[{"embeddable":true,"href":"https:\/\/www.radiomarket.fi\/en\/wp-json\/wp\/v2\/media\/55386"}],"wp:attachment":[{"href":"https:\/\/www.radiomarket.fi\/en\/wp-json\/wp\/v2\/media?parent=55385"}],"curies":[{"name":"wp","href":"https:\/\/api.w.org\/{rel}","templated":true}]}}