{"id":55466,"date":"2025-11-02T20:35:49","date_gmt":"2025-11-02T18:35:49","guid":{"rendered":"https:\/\/www.radiomarket.fi\/?post_type=product&#038;p=55466"},"modified":"2025-11-02T20:41:10","modified_gmt":"2025-11-02T18:41:10","slug":"ekub0940-10m-gfk-mast-extra-lasikuituteleskooppimasto-tulossa","status":"publish","type":"product","link":"https:\/\/www.radiomarket.fi\/en\/kohde\/ekub0940-10m-gfk-mast-extra-lasikuituteleskooppimasto-tulossa\/","title":{"rendered":"EKUB0940 10m GFK Mast &#8220;EXTRA&#8221; lasikuituteleskooppimasto TULOSSA"},"content":{"rendered":"Radioamat\u00f6\u00f6rin kuolinpes\u00e4n varastosta keikkamasto, kuljetuspussi ja p\u00e4\u00e4tytulpat kadonneet. Vain nouto tai neuvoteltu toimitus. \r\n\r\n10m GFK Mast &#8220;EXTRA&#8221; &#8211; heavy duty &#8211;\r\nUnser stabilster Mast !\r\nTr\u00e4gt sogar einen horizontalen\r\nDraht-Dipol direkt an der Spitze !\r\n\r\nL\u00e4nge ausgefahren:  10,0m\r\nTransportl\u00e4nge: 134cm\r\nFarbe: grau\r\nDurchmesser unten (ohne Kappe): 56 mm\r\nDurchmesser der Spitze: 18mm\r\nAnzahl der Segmente: 8\r\nGewicht: 3,2 kg","protected":false},"excerpt":{"rendered":"<p>Radioamat\u00f6\u00f6rin kuolinpes\u00e4n varastosta keikkamasto, kuljetuspussi ja p\u00e4\u00e4tytulpat kadonneet. Vain nouto tai neuvoteltu toimitus. 10m GFK Mast &#8220;EXTRA&#8221; &#8211; heavy duty &#8211; Unser stabilster Mast ! Tr\u00e4gt sogar einen horizontalen Draht-Dipol direkt an der Spitze ! L\u00e4nge ausgefahren: 10,0m Transportl\u00e4nge: 134cm Farbe: grau Durchmesser unten (ohne Kappe): 56 mm Durchmesser der Spitze: 18mm Anzahl der Segmente: &hellip;<\/p>\n<p class=\"read-more\"> <a class=\"thunk-readmore button\" href=\"https:\/\/www.radiomarket.fi\/en\/kohde\/ekub0940-10m-gfk-mast-extra-lasikuituteleskooppimasto-tulossa\/\"> <span class=\"screen-reader-text\">EKUB0940 10m GFK Mast &#8220;EXTRA&#8221; lasikuituteleskooppimasto TULOSSA<\/span>Read More<\/a><\/p>","protected":false},"featured_media":0,"template":"","meta":[],"_links":{"self":[{"href":"https:\/\/www.radiomarket.fi\/en\/wp-json\/wp\/v2\/product\/55466"}],"collection":[{"href":"https:\/\/www.radiomarket.fi\/en\/wp-json\/wp\/v2\/product"}],"about":[{"href":"https:\/\/www.radiomarket.fi\/en\/wp-json\/wp\/v2\/types\/product"}],"wp:attachment":[{"href":"https:\/\/www.radiomarket.fi\/en\/wp-json\/wp\/v2\/media?parent=55466"}],"curies":[{"name":"wp","href":"https:\/\/api.w.org\/{rel}","templated":true}]}}