{"id":55617,"date":"2025-11-25T13:27:09","date_gmt":"2025-11-25T11:27:09","guid":{"rendered":"https:\/\/www.radiomarket.fi\/?post_type=product&#038;p=55617"},"modified":"2025-11-25T20:25:19","modified_gmt":"2025-11-25T18:25:19","slug":"ekub0945-mpm-2-pulse-stick-vuodelta-1988","status":"publish","type":"product","link":"https:\/\/www.radiomarket.fi\/en\/kohde\/ekub0945-mpm-2-pulse-stick-vuodelta-1988\/","title":{"rendered":"EKUB0946 Neuvostoliittolainen karttalaukku NOS"},"content":{"rendered":"1990-luvulla varastosta poistettu neukkukarttalaukku. Nahkaa. K\u00e4ytt\u00e4m\u00e4t\u00f6n.","protected":false},"excerpt":{"rendered":"<p>1990-luvulla varastosta poistettu neukkukarttalaukku. Nahkaa. K\u00e4ytt\u00e4m\u00e4t\u00f6n.<\/p>","protected":false},"featured_media":55636,"template":"","meta":[],"_links":{"self":[{"href":"https:\/\/www.radiomarket.fi\/en\/wp-json\/wp\/v2\/product\/55617"}],"collection":[{"href":"https:\/\/www.radiomarket.fi\/en\/wp-json\/wp\/v2\/product"}],"about":[{"href":"https:\/\/www.radiomarket.fi\/en\/wp-json\/wp\/v2\/types\/product"}],"wp:featuredmedia":[{"embeddable":true,"href":"https:\/\/www.radiomarket.fi\/en\/wp-json\/wp\/v2\/media\/55636"}],"wp:attachment":[{"href":"https:\/\/www.radiomarket.fi\/en\/wp-json\/wp\/v2\/media?parent=55617"}],"curies":[{"name":"wp","href":"https:\/\/api.w.org\/{rel}","templated":true}]}}