{"id":55620,"date":"2025-11-25T14:26:27","date_gmt":"2025-11-25T12:26:27","guid":{"rendered":"https:\/\/www.radiomarket.fi\/?post_type=product&#038;p=55620"},"modified":"2025-11-25T20:20:32","modified_gmt":"2025-11-25T18:20:32","slug":"ekub0945-pulse-stick-mpm-2-digitaalinen-pulssimittari-1980-luvulta","status":"publish","type":"product","link":"https:\/\/www.radiomarket.fi\/en\/kohde\/ekub0945-pulse-stick-mpm-2-digitaalinen-pulssimittari-1980-luvulta\/","title":{"rendered":"EKUB0945 Pulse Stick MPM-2 digitaalinen pulssimittari 1980-luvulta"},"content":{"rendered":"L\u00e4\u00e4kint\u00e4ker\u00e4ilij\u00e4lle IR-valolla toimiva digitaalinen pulssimittari, jossa my\u00f6s kello ja ajanotto. Laite on maksanut Akateemisessa Kirjakaupassa joulukuussa 1988 135 markkaa. Paristot vuotaneet sis\u00e4\u00e4n ja vahingoittaneet lattajousipintoja.","protected":false},"excerpt":{"rendered":"<p>L\u00e4\u00e4kint\u00e4ker\u00e4ilij\u00e4lle IR-valolla toimiva digitaalinen pulssimittari, jossa my\u00f6s kello ja ajanotto. Laite on maksanut Akateemisessa Kirjakaupassa joulukuussa 1988 135 markkaa. Paristot vuotaneet sis\u00e4\u00e4n ja vahingoittaneet lattajousipintoja.<\/p>","protected":false},"featured_media":55629,"template":"","meta":[],"_links":{"self":[{"href":"https:\/\/www.radiomarket.fi\/en\/wp-json\/wp\/v2\/product\/55620"}],"collection":[{"href":"https:\/\/www.radiomarket.fi\/en\/wp-json\/wp\/v2\/product"}],"about":[{"href":"https:\/\/www.radiomarket.fi\/en\/wp-json\/wp\/v2\/types\/product"}],"wp:featuredmedia":[{"embeddable":true,"href":"https:\/\/www.radiomarket.fi\/en\/wp-json\/wp\/v2\/media\/55629"}],"wp:attachment":[{"href":"https:\/\/www.radiomarket.fi\/en\/wp-json\/wp\/v2\/media?parent=55620"}],"curies":[{"name":"wp","href":"https:\/\/api.w.org\/{rel}","templated":true}]}}