{"id":55626,"date":"2025-11-25T17:08:49","date_gmt":"2025-11-25T15:08:49","guid":{"rendered":"https:\/\/www.radiomarket.fi\/?post_type=product&#038;p=55626"},"modified":"2025-11-26T08:37:38","modified_gmt":"2025-11-26T06:37:38","slug":"ekub0948-radiola-342v-putkiradio-kunnostettavaksi","status":"publish","type":"product","link":"https:\/\/www.radiomarket.fi\/en\/kohde\/ekub0948-radiola-342v-putkiradio-kunnostettavaksi\/","title":{"rendered":"EKUB0948 Radiola 342V putkiradio kunnostettavaksi"},"content":{"rendered":"1934-35 malli kolmelle Marconi-putkelle, kaksi kantaa vaihdettu helpommin saatavilla olevaan putkimalliin.  N\u00e4ist\u00e4 putket puuttuvat. Ainakin takalevy ja nupit puuttuvat. Hyv\u00e4pintainen. Radiossa RM.org-sivuston radiosta poiketen luultavimmin alkuper\u00e4inen Marconi W30-putki.\r\n\r\n<a href=\"https:\/\/www.radiomuseum.org\/r\/stern_radiola_342v342.html\"><\/a>","protected":false},"excerpt":{"rendered":"<p>1934-35 malli kolmelle Marconi-putkelle, kaksi kantaa vaihdettu helpommin saatavilla olevaan putkimalliin. N\u00e4ist\u00e4 putket puuttuvat. Ainakin takalevy ja nupit puuttuvat. Hyv\u00e4pintainen. Radiossa RM.org-sivuston radiosta poiketen luultavimmin alkuper\u00e4inen Marconi W30-putki.<\/p>","protected":false},"featured_media":55648,"template":"","meta":[],"_links":{"self":[{"href":"https:\/\/www.radiomarket.fi\/en\/wp-json\/wp\/v2\/product\/55626"}],"collection":[{"href":"https:\/\/www.radiomarket.fi\/en\/wp-json\/wp\/v2\/product"}],"about":[{"href":"https:\/\/www.radiomarket.fi\/en\/wp-json\/wp\/v2\/types\/product"}],"wp:featuredmedia":[{"embeddable":true,"href":"https:\/\/www.radiomarket.fi\/en\/wp-json\/wp\/v2\/media\/55648"}],"wp:attachment":[{"href":"https:\/\/www.radiomarket.fi\/en\/wp-json\/wp\/v2\/media?parent=55626"}],"curies":[{"name":"wp","href":"https:\/\/api.w.org\/{rel}","templated":true}]}}