{"id":55751,"date":"2025-12-05T18:09:20","date_gmt":"2025-12-05T16:09:20","guid":{"rendered":"https:\/\/www.radiomarket.fi\/?post_type=product&#038;p=55751"},"modified":"2025-12-16T10:21:28","modified_gmt":"2025-12-16T08:21:28","slug":"ekub0955-philips-eargear-radio-1990-luvun-loppupuoli","status":"publish","type":"product","link":"https:\/\/www.radiomarket.fi\/en\/kohde\/ekub0955-philips-eargear-radio-1990-luvun-loppupuoli\/","title":{"rendered":"EKUB0955 Philips Eargear Radio 1990-luvun loppupuoli"},"content":{"rendered":"Ei testattu kun ei ollut uutta DL2430-paristoa k\u00e4sill\u00e4. Vaahtomuovipehmusteet murenevat vanhuuttaan pois, emme lupaa ett\u00e4 mustia muruja riitt\u00e4\u00e4 ostajalle saakka.","protected":false},"excerpt":{"rendered":"<p>Kirjetoimitustuotteita kannattaa tilata kerralla useampiakin, yksi lis\u00e4tuote lis\u00e4\u00e4 postikulua vain 10 sentill\u00e4 (tilanne 12\/2025, voi muuttua)<\/p>","protected":false},"featured_media":55757,"template":"","meta":[],"_links":{"self":[{"href":"https:\/\/www.radiomarket.fi\/en\/wp-json\/wp\/v2\/product\/55751"}],"collection":[{"href":"https:\/\/www.radiomarket.fi\/en\/wp-json\/wp\/v2\/product"}],"about":[{"href":"https:\/\/www.radiomarket.fi\/en\/wp-json\/wp\/v2\/types\/product"}],"wp:featuredmedia":[{"embeddable":true,"href":"https:\/\/www.radiomarket.fi\/en\/wp-json\/wp\/v2\/media\/55757"}],"wp:attachment":[{"href":"https:\/\/www.radiomarket.fi\/en\/wp-json\/wp\/v2\/media?parent=55751"}],"curies":[{"name":"wp","href":"https:\/\/api.w.org\/{rel}","templated":true}]}}