{"id":55759,"date":"2025-12-05T18:25:43","date_gmt":"2025-12-05T16:25:43","guid":{"rendered":"https:\/\/www.radiomarket.fi\/?post_type=product&#038;p=55759"},"modified":"2025-12-16T10:22:09","modified_gmt":"2025-12-16T08:22:09","slug":"ekub0956-am-fm-radio-receiver","status":"publish","type":"product","link":"https:\/\/www.radiomarket.fi\/en\/kohde\/ekub0956-am-fm-radio-receiver\/","title":{"rendered":"EKUB0956 AM-FM radio receiver"},"content":{"rendered":"Halpa market-radio 1990-luvulta. 2 x AAA-paristot, paristo vuotanut ja koskettimen pinta hapettunut. Alkuper\u00e4iset nappikuulokkeet kadonneet k\u00e4yt\u00f6n tuiskeessa viime vuosituhannella.","protected":false},"excerpt":{"rendered":"<p>Kirjetoimitustuotteita kannattaa tilata kerralla useampiakin, yksi lis\u00e4tuote lis\u00e4\u00e4 postikulua vain 10 sentill\u00e4 (tilanne 12\/2025, voi muuttua)<\/p>","protected":false},"featured_media":55753,"template":"","meta":[],"_links":{"self":[{"href":"https:\/\/www.radiomarket.fi\/en\/wp-json\/wp\/v2\/product\/55759"}],"collection":[{"href":"https:\/\/www.radiomarket.fi\/en\/wp-json\/wp\/v2\/product"}],"about":[{"href":"https:\/\/www.radiomarket.fi\/en\/wp-json\/wp\/v2\/types\/product"}],"wp:featuredmedia":[{"embeddable":true,"href":"https:\/\/www.radiomarket.fi\/en\/wp-json\/wp\/v2\/media\/55753"}],"wp:attachment":[{"href":"https:\/\/www.radiomarket.fi\/en\/wp-json\/wp\/v2\/media?parent=55759"}],"curies":[{"name":"wp","href":"https:\/\/api.w.org\/{rel}","templated":true}]}}