{"id":55785,"date":"2025-12-07T18:39:35","date_gmt":"2025-12-07T16:39:35","guid":{"rendered":"https:\/\/www.radiomarket.fi\/?post_type=product&#038;p=55785"},"modified":"2025-12-06T18:46:22","modified_gmt":"2025-12-06T16:46:22","slug":"ekub0957-neuvostoliittolainen-viestiaselajimerkki-nos","status":"publish","type":"product","link":"https:\/\/www.radiomarket.fi\/en\/kohde\/ekub0957-neuvostoliittolainen-viestiaselajimerkki-nos\/","title":{"rendered":"EKUB0957 Neuvostoliittolainen viestiaselajimerkki NOS"},"content":{"rendered":"CCCP siivekk\u00e4\u00e4t salamat.","protected":false},"excerpt":{"rendered":"<p>Kirjetoimitustuotteita kannattaa tilata kerralla useampiakin, yksi lis\u00e4tuote lis\u00e4\u00e4 postikulua vain 10 sentill\u00e4 (tilanne 12\/2025, voi muuttua)<\/p>","protected":false},"featured_media":55786,"template":"","meta":[],"_links":{"self":[{"href":"https:\/\/www.radiomarket.fi\/en\/wp-json\/wp\/v2\/product\/55785"}],"collection":[{"href":"https:\/\/www.radiomarket.fi\/en\/wp-json\/wp\/v2\/product"}],"about":[{"href":"https:\/\/www.radiomarket.fi\/en\/wp-json\/wp\/v2\/types\/product"}],"wp:featuredmedia":[{"embeddable":true,"href":"https:\/\/www.radiomarket.fi\/en\/wp-json\/wp\/v2\/media\/55786"}],"wp:attachment":[{"href":"https:\/\/www.radiomarket.fi\/en\/wp-json\/wp\/v2\/media?parent=55785"}],"curies":[{"name":"wp","href":"https:\/\/api.w.org\/{rel}","templated":true}]}}