{"id":55798,"date":"2025-12-11T12:50:53","date_gmt":"2025-12-11T10:50:53","guid":{"rendered":"https:\/\/www.radiomarket.fi\/?post_type=product&#038;p=55798"},"modified":"2026-03-29T13:28:19","modified_gmt":"2026-03-29T10:28:19","slug":"ekum2580-ta","status":"publish","type":"product","link":"https:\/\/www.radiomarket.fi\/en\/kohde\/ekum2580-ta\/","title":{"rendered":"EKUM2580 Philips PM3200 0-10 MHz"},"content":{"rendered":"<p>Oskilloskooppi, lahjoittajalta saatujen tietojen mukaan k\u00e4ynnistyy kylm\u00e4n\u00e4 satunnaisesti, l\u00e4mpim\u00e4ss\u00e4 ei.<\/p><p>Type PM 3200\/03<\/p><p>&nbsp;<\/p><p>Ei tutkittu tarkemmin.<\/p>","protected":false},"excerpt":{"rendered":"<p>Oskilloskooppi, lahjoittajalta saatujen tietojen mukaan k\u00e4ynnistyy kylm\u00e4n\u00e4 satunnaisesti, l\u00e4mpim\u00e4ss\u00e4 ei.Type PM 3200\/03&nbsp;Ei tutkittu tarkemmin.<\/p>","protected":false},"featured_media":55870,"template":"","meta":[],"_links":{"self":[{"href":"https:\/\/www.radiomarket.fi\/en\/wp-json\/wp\/v2\/product\/55798"}],"collection":[{"href":"https:\/\/www.radiomarket.fi\/en\/wp-json\/wp\/v2\/product"}],"about":[{"href":"https:\/\/www.radiomarket.fi\/en\/wp-json\/wp\/v2\/types\/product"}],"wp:featuredmedia":[{"embeddable":true,"href":"https:\/\/www.radiomarket.fi\/en\/wp-json\/wp\/v2\/media\/55870"}],"wp:attachment":[{"href":"https:\/\/www.radiomarket.fi\/en\/wp-json\/wp\/v2\/media?parent=55798"}],"curies":[{"name":"wp","href":"https:\/\/api.w.org\/{rel}","templated":true}]}}