{"id":55801,"date":"2025-12-11T13:11:48","date_gmt":"2025-12-11T11:11:48","guid":{"rendered":"https:\/\/www.radiomarket.fi\/?post_type=product&#038;p=55801"},"modified":"2025-12-11T13:17:09","modified_gmt":"2025-12-11T11:17:09","slug":"ekus0290-aanenvari-0-10-kilpi","status":"publish","type":"product","link":"https:\/\/www.radiomarket.fi\/en\/kohde\/ekus0290-aanenvari-0-10-kilpi\/","title":{"rendered":"EKUS0290 \u00e4\u00e4nenv\u00e4ri 0-10 kilpi"},"content":{"rendered":"<p>NOS. Keskireik\u00e4 10mm.<\/p>","protected":false},"excerpt":{"rendered":"<p>Kirjetoimitustuotteita kannattaa tilata kerralla useampi, kukin tilaukseen lis\u00e4tty tuote nostaa perustoimituskulua vain 10 sentill\u00e4 (tilanne joulukuun 2025 hinnaston mukaan).<\/p>","protected":false},"featured_media":55802,"template":"","meta":[],"_links":{"self":[{"href":"https:\/\/www.radiomarket.fi\/en\/wp-json\/wp\/v2\/product\/55801"}],"collection":[{"href":"https:\/\/www.radiomarket.fi\/en\/wp-json\/wp\/v2\/product"}],"about":[{"href":"https:\/\/www.radiomarket.fi\/en\/wp-json\/wp\/v2\/types\/product"}],"wp:featuredmedia":[{"embeddable":true,"href":"https:\/\/www.radiomarket.fi\/en\/wp-json\/wp\/v2\/media\/55802"}],"wp:attachment":[{"href":"https:\/\/www.radiomarket.fi\/en\/wp-json\/wp\/v2\/media?parent=55801"}],"curies":[{"name":"wp","href":"https:\/\/api.w.org\/{rel}","templated":true}]}}