{"id":55815,"date":"2025-12-16T10:27:45","date_gmt":"2025-12-16T08:27:45","guid":{"rendered":"https:\/\/www.radiomarket.fi\/?post_type=product&#038;p=55815"},"modified":"2025-12-16T14:00:34","modified_gmt":"2025-12-16T12:00:34","slug":"ekum0966-kaamilanka-03-mm-kaytetty","status":"publish","type":"product","link":"https:\/\/www.radiomarket.fi\/en\/kohde\/ekum0966-kaamilanka-03-mm-kaytetty\/","title":{"rendered":"EKUM0966 K\u00e4\u00e4milanka 0,3 mm k\u00e4ytetty?"},"content":{"rendered":"Uudelleen kelattu kuparijohto. Paksuustieto perustuu kyn\u00e4merkint\u00e4\u00e4n rullassa.","protected":false},"excerpt":{"rendered":"<p>Uudelleen kelattu kuparijohto. Paksuustieto perustuu kyn\u00e4merkint\u00e4\u00e4n rullassa.<\/p>","protected":false},"featured_media":55821,"template":"","meta":[],"_links":{"self":[{"href":"https:\/\/www.radiomarket.fi\/en\/wp-json\/wp\/v2\/product\/55815"}],"collection":[{"href":"https:\/\/www.radiomarket.fi\/en\/wp-json\/wp\/v2\/product"}],"about":[{"href":"https:\/\/www.radiomarket.fi\/en\/wp-json\/wp\/v2\/types\/product"}],"wp:featuredmedia":[{"embeddable":true,"href":"https:\/\/www.radiomarket.fi\/en\/wp-json\/wp\/v2\/media\/55821"}],"wp:attachment":[{"href":"https:\/\/www.radiomarket.fi\/en\/wp-json\/wp\/v2\/media?parent=55815"}],"curies":[{"name":"wp","href":"https:\/\/api.w.org\/{rel}","templated":true}]}}